{"id":7923,"date":"2020-04-23T18:35:58","date_gmt":"2020-04-23T16:35:58","guid":{"rendered":"http:\/\/www.stefly.aero\/?post_type=product&#038;p=7923"},"modified":"2026-04-27T16:50:17","modified_gmt":"2026-04-27T14:50:17","slug":"kamerahalterung-fuer-segelflugzeughaube","status":"publish","type":"product","link":"https:\/\/www.stefly.aero\/en\/product\/kamerahalterung-fuer-segelflugzeughaube\/","title":{"rendered":"Camera Mount for Canopy (GoPro, DJI Osmo)"},"content":{"rendered":"<p>[et_pb_section fb_built=&#8220;1&#8243; _builder_version=&#8220;4.27.6&#8243; custom_padding=&#8220;0px||0px||false|false&#8220; hover_enabled=&#8220;0&#8243; saved_tabs=&#8220;all&#8220; global_colors_info=&#8220;{}&#8220; width=&#8220;80%&#8220; module_alignment=&#8220;center&#8220; sticky_enabled=&#8220;0&#8243;][et_pb_row _builder_version=&#8220;4.16&#8243; background_size=&#8220;initial&#8220; background_position=&#8220;top_left&#8220; background_repeat=&#8220;repeat&#8220; width=&#8220;100%&#8220; custom_padding=&#8220;0px||0px||false|false&#8220; global_colors_info=&#8220;{}&#8220;][et_pb_column type=&#8220;4_4&#8243; _builder_version=&#8220;4.16&#8243; custom_padding=&#8220;|||&#8220; global_colors_info=&#8220;{}&#8220; custom_padding__hover=&#8220;|||&#8220;][et_pb_wc_breadcrumb _builder_version=&#8220;4.19.4&#8243; body_font=&#8220;|||on|||||&#8220; body_letter_spacing=&#8220;2px&#8220; global_colors_info=&#8220;{}&#8220;][\/et_pb_wc_breadcrumb][et_pb_wc_cart_notice _builder_version=&#8220;4.19.4&#8243; title_text_color=&#8220;#000000&#8243; title_line_height=&#8220;1em&#8220; error_text_color=&#8220;#000000&#8243; content_text_color=&#8220;#000000&#8243; background_color=&#8220;#ffd030&#8243; custom_button=&#8220;on&#8220; button_text_color=&#8220;#FFFFFF&#8220; button_bg_color=&#8220;#000000&#8243; global_colors_info=&#8220;{}&#8220;][\/et_pb_wc_cart_notice][\/et_pb_column][\/et_pb_row][et_pb_row column_structure=&#8220;1_2,1_2&#8243; _builder_version=&#8220;4.19.4&#8243; background_size=&#8220;initial&#8220; background_position=&#8220;top_left&#8220; background_repeat=&#8220;repeat&#8220; width=&#8220;100%&#8220; custom_padding=&#8220;0px||||false|false&#8220; global_colors_info=&#8220;{}&#8220;][et_pb_column type=&#8220;1_2&#8243; _builder_version=&#8220;4.16&#8243; custom_padding=&#8220;|||&#8220; global_colors_info=&#8220;{}&#8220; custom_padding__hover=&#8220;|||&#8220;][et_pb_wc_gallery _builder_version=&#8220;4.27.6&#8243; _module_preset=&#8220;default&#8220; min_height=&#8220;566px&#8220; min_height_tablet=&#8220;600px&#8220; min_height_phone=&#8220;367px&#8220; min_height_last_edited=&#8220;on|tablet&#8220; custom_margin=&#8220;||-1px|||&#8220; custom_padding=&#8220;|0px|18px|||&#8220; auto=&#8220;on&#8220; hover_enabled=&#8220;0&#8243; global_colors_info=&#8220;{}&#8220; sticky_enabled=&#8220;0&#8243;][\/et_pb_wc_gallery][\/et_pb_column][et_pb_column type=&#8220;1_2&#8243; _builder_version=&#8220;4.16&#8243; custom_padding=&#8220;|||&#8220; global_colors_info=&#8220;{}&#8220; custom_padding__hover=&#8220;|||&#8220;][et_pb_wc_title _builder_version=&#8220;4.19.4&#8243; header_text_align=&#8220;left&#8220; custom_margin=&#8220;|||0px|false|false&#8220; custom_padding=&#8220;|||18px|false|false&#8220; border_color_all=&#8220;#EDF000&#8243; border_width_left=&#8220;6px&#8220; border_color_left=&#8220;#ffd030&#8243; global_colors_info=&#8220;{}&#8220; border_style_left__hover_enabled=&#8220;on|desktop&#8220;][\/et_pb_wc_title][et_pb_wc_price _builder_version=&#8220;4.19.4&#8243; body_text_color=&#8220;#000000&#8243; body_font_size=&#8220;20px&#8220; body_line_height=&#8220;1em&#8220; text_orientation=&#8220;left&#8220; custom_margin=&#8220;||13px|||&#8220; global_colors_info=&#8220;{}&#8220;][\/et_pb_wc_price][et_pb_wc_description _builder_version=&#8220;4.16&#8243; custom_margin=&#8220;||10px|||&#8220; global_colors_info=&#8220;{}&#8220;][\/et_pb_wc_description][et_pb_divider color=&#8220;#cecece&#8220; divider_position=&#8220;bottom&#8220; divider_weight=&#8220;1px&#8220; _builder_version=&#8220;4.19.4&#8243; _module_preset=&#8220;default&#8220; global_colors_info=&#8220;{}&#8220;][\/et_pb_divider][et_pb_accordion _builder_version=&#8220;4.19.4&#8243; _module_preset=&#8220;default&#8220; border_color_top=&#8220;#000000&#8243; global_colors_info=&#8220;{}&#8220;][\/et_pb_accordion][et_pb_wc_add_to_cart field_label_position=&#8220;inline&#8220; _builder_version=&#8220;4.19.4&#8243; fields_background_color=&#8220;#FFFFFF&#8220; fields_text_color=&#8220;#000000&#8243; fields_custom_margin=&#8220;0px|||0px|false|false&#8220; fields_custom_padding=&#8220;0px|||0px|false|false&#8220; field_label_font=&#8220;|||on|||||&#8220; field_label_text_align=&#8220;left&#8220; field_label_font_size=&#8220;15px&#8220; fields_font=&#8220;Lato||||||||&#8220; fields_font_size=&#8220;14px&#8220; fields_line_height=&#8220;1.1em&#8220; custom_button=&#8220;on&#8220; button_text_size=&#8220;15px&#8220; button_text_color=&#8220;#000000&#8243; button_bg_color=&#8220;#ffd030&#8243; button_border_width=&#8220;9px&#8220; button_border_color=&#8220;#ffd030&#8243; button_letter_spacing=&#8220;3px&#8220; button_font=&#8220;|||on|||||&#8220; button_icon=&#8220;&#x4c;||divi||400&#8243; button_icon_color=&#8220;#FFFFFF&#8220; custom_margin=&#8220;-7px||0px|1px|false|false&#8220; custom_padding=&#8220;0px||0px||false|false&#8220; border_radii_fields=&#8220;on|0px|0px|0px|0px&#8220; border_width_all_fields=&#8220;1px&#8220; global_colors_info=&#8220;{}&#8220;][\/et_pb_wc_add_to_cart][et_pb_wc_meta show_categories=&#8220;off&#8220; show_tags=&#8220;off&#8220; _builder_version=&#8220;4.19.4&#8243; global_colors_info=&#8220;{}&#8220;][\/et_pb_wc_meta][\/et_pb_column][\/et_pb_row][et_pb_row column_structure=&#8220;2_5,3_5&#8243; _builder_version=&#8220;4.19.4&#8243; _module_preset=&#8220;default&#8220; width=&#8220;100%&#8220; custom_margin=&#8220;34px|auto||auto||&#8220; custom_margin_tablet=&#8220;0px||||false|false&#8220; custom_margin_phone=&#8220;0px||||false|false&#8220; custom_margin_last_edited=&#8220;on|phone&#8220; custom_padding=&#8220;||30px||false|false&#8220; global_colors_info=&#8220;{}&#8220;][et_pb_column type=&#8220;2_5&#8243; _builder_version=&#8220;4.19.4&#8243; _module_preset=&#8220;default&#8220; global_colors_info=&#8220;{}&#8220;][et_pb_text _builder_version=&#8220;4.19.4&#8243; _module_preset=&#8220;default&#8220; custom_margin=&#8220;2px||8px||false|false&#8220; custom_padding=&#8220;7px||7px|16px|false|false&#8220; border_width_left=&#8220;5px&#8220; border_color_left=&#8220;#ffd030&#8243; global_colors_info=&#8220;{}&#8220; text_font=&#8220;Abel||||||||&#8220; text_font_size=&#8220;1.5em&#8220; text_line_height=&#8220;1em&#8220;]<\/p>\n<p><strong>Um die Highlights eines Fluges mit anderen zu teilen oder f\u00fcr sich selbst zu rekapitulieren<\/strong><\/p>\n<p>[\/et_pb_text][et_pb_divider show_divider=&#8220;off&#8220; _builder_version=&#8220;4.19.4&#8243; _module_preset=&#8220;default&#8220; global_colors_info=&#8220;{}&#8220;][\/et_pb_divider][et_pb_text _builder_version=&#8220;4.27.6&#8243; _module_preset=&#8220;default&#8220; custom_margin=&#8220;0px||||false|false&#8220; custom_padding=&#8220;0px||||false|false&#8220; hover_enabled=&#8220;0&#8243; global_colors_info=&#8220;{}&#8220; text_font_size=&#8220;16px&#8220; sticky_enabled=&#8220;0&#8243;]<\/p>\n<p style=\"font-weight: 400;\">Es gibt Fl\u00fcge, an die erinnert man sich noch Jahre sp\u00e4ter. Einen Sonnenuntergang in 5500 m \u00fcber den Wolken zum Beispiel. Oder Hangflug in Neuseeland am Strand.<\/p>\n<p style=\"font-weight: 400;\">Solche Momente m\u00f6chte man gerne auch in Bild und Video festhalten. Mit Hilfe der Kamerahalterung zur Befestigung einer Action Kamera an der Cockpithaube kann man sich trotzdem voll auf das Fliegen konzentrieren und hat die H\u00e4nde frei.<\/p>\n<p style=\"font-weight: 400;\">Auch w\u00e4hrend der Flugausbildung oder zur Analyse der eigenen Start- und Landetechnik k\u00f6nnen GoPro und Co. in Verbindung mit der SteFly Kamerahalterung sinnvoll eingesetzt werden.<\/p>\n<p>[\/et_pb_text][et_pb_text _builder_version=&#8220;4.19.4&#8243; _module_preset=&#8220;default&#8220; custom_margin=&#8220;2px||8px||false|false&#8220; custom_padding=&#8220;7px||7px|16px|false|false&#8220; border_width_left=&#8220;5px&#8220; border_color_left=&#8220;#ffd030&#8243; global_colors_info=&#8220;{}&#8220; text_font=&#8220;Abel||||||||&#8220; text_font_size=&#8220;1.5em&#8220; text_line_height=&#8220;1em&#8220;]<\/p>\n<p><strong>Benutzung auf eigene Gefahr. Die Montage einer Actionkamera mit dieser Halterung kann die Sicht des Piloten beeintr\u00e4chtigen!<\/strong><\/p>\n<p>[\/et_pb_text][\/et_pb_column][et_pb_column type=&#8220;3_5&#8243; _builder_version=&#8220;4.19.4&#8243; _module_preset=&#8220;default&#8220; global_colors_info=&#8220;{}&#8220;][et_pb_image src=&#8220;https:\/\/www.stefly.aero\/wp-content\/uploads\/2021\/04\/stefly_wave_gliding-scaled.jpg&#8220; title_text=&#8220;stefly_wave_gliding&#8220; _builder_version=&#8220;4.19.4&#8243; _module_preset=&#8220;default&#8220; width=&#8220;100%&#8220; global_colors_info=&#8220;{}&#8220;][\/et_pb_image][\/et_pb_column][\/et_pb_row][\/et_pb_section][et_pb_section fb_built=&#8220;1&#8243; _builder_version=&#8220;4.27.6&#8243; _module_preset=&#8220;default&#8220; custom_margin=&#8220;||0px||false|false&#8220; custom_padding=&#8220;0px||0px||false|false&#8220; hover_enabled=&#8220;0&#8243; global_colors_info=&#8220;{}&#8220; width=&#8220;80%&#8220; module_alignment=&#8220;center&#8220; sticky_enabled=&#8220;0&#8243;][et_pb_row _builder_version=&#8220;4.27.4&#8243; _module_preset=&#8220;default&#8220; width=&#8220;100%&#8220; custom_margin=&#8220;||0px||false|false&#8220; custom_padding=&#8220;||0px||false|false&#8220; global_colors_info=&#8220;{}&#8220;][et_pb_column type=&#8220;4_4&#8243; _builder_version=&#8220;4.19.4&#8243; _module_preset=&#8220;default&#8220; global_colors_info=&#8220;{}&#8220;][et_pb_wc_related_products _builder_version=&#8220;4.19.4&#8243; _module_preset=&#8220;5b2cf371-5681-4b96-baca-bd883385ca18&#8243; custom_margin=&#8220;||0px||false|false&#8220; title_font_size_tablet=&#8220;&#8220; title_font_size_phone=&#8220;19px&#8220; title_font_size_last_edited=&#8220;on|tablet&#8220; product_title_font_size_tablet=&#8220;&#8220; product_title_font_size_phone=&#8220;13px&#8220; product_title_font_size_last_edited=&#8220;on|phone&#8220; border_color_top=&#8220;#ffd02f&#8220; global_colors_info=&#8220;{}&#8220;][\/et_pb_wc_related_products][\/et_pb_column][\/et_pb_row][\/et_pb_section]<\/p>\n","protected":false},"excerpt":{"rendered":"<p>Camera mount for securely mounting an action camera on the inside of the glider canopy or cockpit glazing of UL \/ powered aircraft. The suction cup mount was specially developed for use in the aircraft cockpit, but can also be attached to other smooth and slightly curved surfaces such as all types of windows.<\/p>\n<ul>\n<li>Material: 3D print made of UV-resistant ASA<\/li>\n<li>incl. 3 suction cups<\/li>\n<li>incl. knurled screw and cap nut<\/li>\n<\/ul>\n<p>The mount was tested with the DJI Osmo action camera and GoPro on the following aircraft models: ASG29, Arcus, Duo Discus, Discus 2b, LS3, LS8<\/p>\n<p>Included in the scope of delivery: Mount made of ASA with 3 mounted suction cups as well as knurled screw and cap nut for attaching the action camera.<\/p>\n<p>Not included: action camera<\/p>","protected":false},"featured_media":16088,"template":"","meta":{"_et_pb_use_builder":"on","_et_pb_old_content":"Benutzung auf eigene Gefahr. Die Montage einer Actionkamera mit dieser Halterung kann die Sicht des Piloten beeintr\u00e4chtigen!","_et_gb_content_width":"","_exactmetrics_skip_tracking":false,"_exactmetrics_sitenote_active":false,"_exactmetrics_sitenote_note":"","_exactmetrics_sitenote_category":0},"product_brand":[],"product_cat":[108],"product_tag":[],"class_list":{"0":"post-7923","1":"product","2":"type-product","3":"status-publish","4":"has-post-thumbnail","6":"product_cat-kameraequipment","7":"product_shipping_class-warenpost-international","9":"first","10":"instock","11":"taxable","12":"shipping-taxable","13":"purchasable","14":"product-type-simple"},"_links":{"self":[{"href":"https:\/\/www.stefly.aero\/en\/wp-json\/wp\/v2\/product\/7923","targetHints":{"allow":["GET"]}}],"collection":[{"href":"https:\/\/www.stefly.aero\/en\/wp-json\/wp\/v2\/product"}],"about":[{"href":"https:\/\/www.stefly.aero\/en\/wp-json\/wp\/v2\/types\/product"}],"wp:featuredmedia":[{"embeddable":true,"href":"https:\/\/www.stefly.aero\/en\/wp-json\/wp\/v2\/media\/16088"}],"wp:attachment":[{"href":"https:\/\/www.stefly.aero\/en\/wp-json\/wp\/v2\/media?parent=7923"}],"wp:term":[{"taxonomy":"product_brand","embeddable":true,"href":"https:\/\/www.stefly.aero\/en\/wp-json\/wp\/v2\/product_brand?post=7923"},{"taxonomy":"product_cat","embeddable":true,"href":"https:\/\/www.stefly.aero\/en\/wp-json\/wp\/v2\/product_cat?post=7923"},{"taxonomy":"product_tag","embeddable":true,"href":"https:\/\/www.stefly.aero\/en\/wp-json\/wp\/v2\/product_tag?post=7923"}],"curies":[{"name":"wp","href":"https:\/\/api.w.org\/{rel}","templated":true}]}}