{"id":3106,"date":"2018-08-28T13:21:55","date_gmt":"2018-08-28T11:21:55","guid":{"rendered":"http:\/\/www.stefly.aero\/?post_type=product&#038;p=3106"},"modified":"2024-10-30T15:57:22","modified_gmt":"2024-10-30T14:57:22","slug":"stefly-dualkonzentrischer-encoder","status":"publish","type":"product","link":"https:\/\/www.stefly.aero\/en\/product\/stefly-dualkonzentrischer-encoder\/","title":{"rendered":"SteFly Dual Concentric Encoder"},"content":{"rendered":"<p>[et_pb_section fb_built=&#8220;1&#8243; _builder_version=&#8220;4.16&#8243; custom_padding=&#8220;0px||0px||false|false&#8220; saved_tabs=&#8220;all&#8220; global_colors_info=&#8220;{}&#8220;][et_pb_row _builder_version=&#8220;4.16&#8243; background_size=&#8220;initial&#8220; background_position=&#8220;top_left&#8220; background_repeat=&#8220;repeat&#8220; width=&#8220;100%&#8220; custom_padding=&#8220;0px||0px||false|false&#8220; global_colors_info=&#8220;{}&#8220;][et_pb_column type=&#8220;4_4&#8243; _builder_version=&#8220;4.16&#8243; custom_padding=&#8220;|||&#8220; global_colors_info=&#8220;{}&#8220; custom_padding__hover=&#8220;|||&#8220;][et_pb_wc_breadcrumb _builder_version=&#8220;4.19.4&#8243; body_font=&#8220;|||on|||||&#8220; body_letter_spacing=&#8220;2px&#8220; global_colors_info=&#8220;{}&#8220;][\/et_pb_wc_breadcrumb][et_pb_wc_cart_notice _builder_version=&#8220;4.19.4&#8243; title_text_color=&#8220;#000000&#8243; title_line_height=&#8220;1em&#8220; error_text_color=&#8220;#000000&#8243; content_text_color=&#8220;#000000&#8243; background_color=&#8220;#ffd030&#8243; custom_button=&#8220;on&#8220; button_text_color=&#8220;#FFFFFF&#8220; button_bg_color=&#8220;#000000&#8243; global_colors_info=&#8220;{}&#8220;][\/et_pb_wc_cart_notice][\/et_pb_column][\/et_pb_row][et_pb_row column_structure=&#8220;1_2,1_2&#8243; _builder_version=&#8220;4.19.4&#8243; background_size=&#8220;initial&#8220; background_position=&#8220;top_left&#8220; background_repeat=&#8220;repeat&#8220; width=&#8220;100%&#8220; custom_padding=&#8220;0px||||false|false&#8220; global_colors_info=&#8220;{}&#8220;][et_pb_column type=&#8220;1_2&#8243; _builder_version=&#8220;4.16&#8243; custom_padding=&#8220;|||&#8220; global_colors_info=&#8220;{}&#8220; custom_padding__hover=&#8220;|||&#8220;][et_pb_wc_gallery _builder_version=&#8220;4.19.4&#8243; _module_preset=&#8220;default&#8220; min_height=&#8220;566px&#8220; min_height_tablet=&#8220;600px&#8220; min_height_phone=&#8220;367px&#8220; min_height_last_edited=&#8220;on|tablet&#8220; custom_margin=&#8220;||-1px|||&#8220; custom_padding=&#8220;|0px|18px|||&#8220; auto=&#8220;on&#8220; global_colors_info=&#8220;{}&#8220;][\/et_pb_wc_gallery][\/et_pb_column][et_pb_column type=&#8220;1_2&#8243; _builder_version=&#8220;4.16&#8243; custom_padding=&#8220;|||&#8220; global_colors_info=&#8220;{}&#8220; custom_padding__hover=&#8220;|||&#8220;][et_pb_wc_title _builder_version=&#8220;4.19.4&#8243; header_text_align=&#8220;left&#8220; custom_margin=&#8220;|||0px|false|false&#8220; custom_padding=&#8220;|||18px|false|false&#8220; border_color_all=&#8220;#EDF000&#8243; border_width_left=&#8220;6px&#8220; border_color_left=&#8220;#ffd030&#8243; global_colors_info=&#8220;{}&#8220; border_style_left__hover_enabled=&#8220;on|desktop&#8220;][\/et_pb_wc_title][et_pb_wc_price _builder_version=&#8220;4.19.4&#8243; body_text_color=&#8220;#000000&#8243; body_font_size=&#8220;20px&#8220; body_line_height=&#8220;1em&#8220; text_orientation=&#8220;left&#8220; custom_margin=&#8220;||13px|||&#8220; global_colors_info=&#8220;{}&#8220;][\/et_pb_wc_price][et_pb_wc_description _builder_version=&#8220;4.19.4&#8243; custom_margin=&#8220;||10px|||&#8220; global_colors_info=&#8220;{}&#8220;][\/et_pb_wc_description][et_pb_divider color=&#8220;#cecece&#8220; divider_position=&#8220;bottom&#8220; divider_weight=&#8220;1px&#8220; _builder_version=&#8220;4.19.4&#8243; _module_preset=&#8220;default&#8220; global_colors_info=&#8220;{}&#8220;][\/et_pb_divider][et_pb_accordion _builder_version=&#8220;4.19.4&#8243; _module_preset=&#8220;default&#8220; border_color_top=&#8220;#000000&#8243; global_colors_info=&#8220;{}&#8220;][\/et_pb_accordion][et_pb_wc_add_to_cart field_label_position=&#8220;inline&#8220; _builder_version=&#8220;4.19.4&#8243; fields_background_color=&#8220;#FFFFFF&#8220; fields_text_color=&#8220;#000000&#8243; fields_custom_margin=&#8220;0px|||0px|false|false&#8220; fields_custom_padding=&#8220;0px|||0px|false|false&#8220; field_label_font=&#8220;|||on|||||&#8220; field_label_text_align=&#8220;left&#8220; field_label_font_size=&#8220;15px&#8220; fields_font=&#8220;Lato||||||||&#8220; fields_font_size=&#8220;14px&#8220; fields_line_height=&#8220;1.1em&#8220; custom_button=&#8220;on&#8220; button_text_size=&#8220;15px&#8220; button_text_color=&#8220;#000000&#8243; button_bg_color=&#8220;#ffd030&#8243; button_border_width=&#8220;9px&#8220; button_border_color=&#8220;#ffd030&#8243; button_letter_spacing=&#8220;3px&#8220; button_font=&#8220;|||on|||||&#8220; button_icon=&#8220;&#x4c;||divi||400&#8243; button_icon_color=&#8220;#FFFFFF&#8220; custom_margin=&#8220;-7px||0px|1px|false|false&#8220; custom_padding=&#8220;0px||0px||false|false&#8220; border_radii_fields=&#8220;on|0px|0px|0px|0px&#8220; border_width_all_fields=&#8220;1px&#8220; global_colors_info=&#8220;{}&#8220;][\/et_pb_wc_add_to_cart][et_pb_wc_meta show_categories=&#8220;off&#8220; show_tags=&#8220;off&#8220; _builder_version=&#8220;4.19.4&#8243; global_colors_info=&#8220;{}&#8220;][\/et_pb_wc_meta][\/et_pb_column][\/et_pb_row][\/et_pb_section][et_pb_section fb_built=&#8220;1&#8243; _builder_version=&#8220;4.19.4&#8243; _module_preset=&#8220;default&#8220; custom_padding=&#8220;||0px||false|false&#8220; global_colors_info=&#8220;{}&#8220;][et_pb_row _builder_version=&#8220;4.19.4&#8243; _module_preset=&#8220;default&#8220; width=&#8220;100%&#8220; global_colors_info=&#8220;{}&#8220;][et_pb_column type=&#8220;4_4&#8243; _builder_version=&#8220;4.19.4&#8243; _module_preset=&#8220;default&#8220; global_colors_info=&#8220;{}&#8220;][et_pb_wc_tabs include_tabs=&#8220;description|&#8220; _builder_version=&#8220;4.19.4&#8243; _module_preset=&#8220;default&#8220; tab_font=&#8220;|300||on|||||&#8220; tab_font_size=&#8220;20px&#8220; border_width_all=&#8220;0px&#8220; border_width_left=&#8220;4px&#8220; border_color_left=&#8220;#ffd02f&#8220; global_colors_info=&#8220;{}&#8220;][\/et_pb_wc_tabs][\/et_pb_column][\/et_pb_row][\/et_pb_section][et_pb_section fb_built=&#8220;1&#8243; _builder_version=&#8220;4.19.4&#8243; _module_preset=&#8220;default&#8220; custom_margin=&#8220;||0px||false|false&#8220; custom_padding=&#8220;0px||0px||false|false&#8220; global_colors_info=&#8220;{}&#8220;][et_pb_row _builder_version=&#8220;4.19.4&#8243; _module_preset=&#8220;default&#8220; custom_margin=&#8220;||0px||false|false&#8220; custom_padding=&#8220;||0px||false|false&#8220; global_colors_info=&#8220;{}&#8220;][et_pb_column type=&#8220;4_4&#8243; _builder_version=&#8220;4.19.4&#8243; _module_preset=&#8220;default&#8220; global_colors_info=&#8220;{}&#8220;][et_pb_wc_related_products _builder_version=&#8220;4.19.4&#8243; _module_preset=&#8220;5b2cf371-5681-4b96-baca-bd883385ca18&#8243; custom_margin=&#8220;||0px||false|false&#8220; title_font_size_tablet=&#8220;&#8220; title_font_size_phone=&#8220;19px&#8220; title_font_size_last_edited=&#8220;on|tablet&#8220; product_title_font_size_tablet=&#8220;&#8220; product_title_font_size_phone=&#8220;13px&#8220; product_title_font_size_last_edited=&#8220;on|phone&#8220; border_color_top=&#8220;#ffd02f&#8220; global_colors_info=&#8220;{}&#8220;][\/et_pb_wc_related_products][\/et_pb_column][\/et_pb_row][\/et_pb_section]<\/p>\n","protected":false},"excerpt":{"rendered":"<p>High-quality dual-concentric encoder from Elma Elektronik, connected to an Arduino Pro Micro module. The arrow keys can be operated with the encoders, the push button executes Enter (short click), ESC (double click) and Menu (long click).<\/p>\n<ul>\n<li>E37 encoder with soft-touch knobs<\/li>\n<li>connected to an Arduino Pro Micro module<\/li>\n<li>0.3 m USB cable<\/li>\n<li>for installation only a <span class=\"ILfuVd\"><span class=\"hgKElc\">\u2300 <\/span><\/span>7.00 mm drill hole is required<\/li>\n<\/ul>","protected":false},"featured_media":11129,"template":"","meta":{"_et_pb_use_builder":"on","_et_pb_old_content":"Eine grundlegende Bedienung von XCSoar ist mit dem dualkonzentrischen Encoder m\u00f6glich. F\u00fcr eine intuitive Bedienung wird zus\u00e4tzlich noch ein Remote Kn\u00fcppelgriff empfohlen.","_et_gb_content_width":"","_exactmetrics_skip_tracking":false,"_exactmetrics_sitenote_active":false,"_exactmetrics_sitenote_note":"","_exactmetrics_sitenote_category":0},"product_brand":[],"product_cat":[425],"product_tag":[],"class_list":{"0":"post-3106","1":"product","2":"type-product","3":"status-publish","4":"has-post-thumbnail","6":"product_cat-rotary_modules","7":"product_shipping_class-warenpost-international","9":"first","10":"outofstock","11":"taxable","12":"shipping-taxable","13":"purchasable","14":"product-type-simple"},"_links":{"self":[{"href":"https:\/\/www.stefly.aero\/en\/wp-json\/wp\/v2\/product\/3106","targetHints":{"allow":["GET"]}}],"collection":[{"href":"https:\/\/www.stefly.aero\/en\/wp-json\/wp\/v2\/product"}],"about":[{"href":"https:\/\/www.stefly.aero\/en\/wp-json\/wp\/v2\/types\/product"}],"wp:featuredmedia":[{"embeddable":true,"href":"https:\/\/www.stefly.aero\/en\/wp-json\/wp\/v2\/media\/11129"}],"wp:attachment":[{"href":"https:\/\/www.stefly.aero\/en\/wp-json\/wp\/v2\/media?parent=3106"}],"wp:term":[{"taxonomy":"product_brand","embeddable":true,"href":"https:\/\/www.stefly.aero\/en\/wp-json\/wp\/v2\/product_brand?post=3106"},{"taxonomy":"product_cat","embeddable":true,"href":"https:\/\/www.stefly.aero\/en\/wp-json\/wp\/v2\/product_cat?post=3106"},{"taxonomy":"product_tag","embeddable":true,"href":"https:\/\/www.stefly.aero\/en\/wp-json\/wp\/v2\/product_tag?post=3106"}],"curies":[{"name":"wp","href":"https:\/\/api.w.org\/{rel}","templated":true}]}}