{"id":2548,"date":"2017-05-20T18:03:00","date_gmt":"2017-05-20T16:03:00","guid":{"rendered":"http:\/\/stefly.aero\/?post_type=product&#038;p=2548"},"modified":"2026-01-26T16:08:35","modified_gmt":"2026-01-26T15:08:35","slug":"7ovkit","status":"publish","type":"product","link":"https:\/\/www.stefly.aero\/en\/product\/7ovkit\/","title":{"rendered":"7\u2033 OpenVario Kit (without Sensor Board)"},"content":{"rendered":"<p>[et_pb_section fb_built=&#8220;1&#8243; _builder_version=&#8220;4.16&#8243; custom_padding=&#8220;0px||0px||false|false&#8220; saved_tabs=&#8220;all&#8220; global_colors_info=&#8220;{}&#8220;][et_pb_row _builder_version=&#8220;4.16&#8243; background_size=&#8220;initial&#8220; background_position=&#8220;top_left&#8220; background_repeat=&#8220;repeat&#8220; width=&#8220;100%&#8220; custom_padding=&#8220;0px||0px||false|false&#8220; global_colors_info=&#8220;{}&#8220;][et_pb_column type=&#8220;4_4&#8243; _builder_version=&#8220;4.16&#8243; custom_padding=&#8220;|||&#8220; global_colors_info=&#8220;{}&#8220; custom_padding__hover=&#8220;|||&#8220;][et_pb_wc_breadcrumb _builder_version=&#8220;4.19.4&#8243; body_font=&#8220;|||on|||||&#8220; body_letter_spacing=&#8220;2px&#8220; global_colors_info=&#8220;{}&#8220;][\/et_pb_wc_breadcrumb][et_pb_wc_cart_notice _builder_version=&#8220;4.19.4&#8243; title_text_color=&#8220;#000000&#8243; title_line_height=&#8220;1em&#8220; error_text_color=&#8220;#000000&#8243; content_text_color=&#8220;#000000&#8243; background_color=&#8220;#ffd030&#8243; custom_button=&#8220;on&#8220; button_text_color=&#8220;#FFFFFF&#8220; button_bg_color=&#8220;#000000&#8243; global_colors_info=&#8220;{}&#8220;][\/et_pb_wc_cart_notice][\/et_pb_column][\/et_pb_row][et_pb_row column_structure=&#8220;1_2,1_2&#8243; _builder_version=&#8220;4.19.4&#8243; background_size=&#8220;initial&#8220; background_position=&#8220;top_left&#8220; background_repeat=&#8220;repeat&#8220; width=&#8220;100%&#8220; custom_padding=&#8220;0px||||false|false&#8220; global_colors_info=&#8220;{}&#8220;][et_pb_column type=&#8220;1_2&#8243; _builder_version=&#8220;4.16&#8243; custom_padding=&#8220;|||&#8220; global_colors_info=&#8220;{}&#8220; custom_padding__hover=&#8220;|||&#8220;][et_pb_wc_gallery _builder_version=&#8220;4.19.4&#8243; _module_preset=&#8220;default&#8220; min_height=&#8220;566px&#8220; min_height_tablet=&#8220;600px&#8220; min_height_phone=&#8220;367px&#8220; min_height_last_edited=&#8220;on|tablet&#8220; custom_margin=&#8220;||-1px|||&#8220; custom_padding=&#8220;|0px|18px|||&#8220; auto=&#8220;on&#8220; global_colors_info=&#8220;{}&#8220;][\/et_pb_wc_gallery][\/et_pb_column][et_pb_column type=&#8220;1_2&#8243; _builder_version=&#8220;4.16&#8243; custom_padding=&#8220;|||&#8220; global_colors_info=&#8220;{}&#8220; custom_padding__hover=&#8220;|||&#8220;][et_pb_wc_title _builder_version=&#8220;4.19.4&#8243; header_text_align=&#8220;left&#8220; custom_margin=&#8220;|||0px|false|false&#8220; custom_padding=&#8220;|||18px|false|false&#8220; border_color_all=&#8220;#EDF000&#8243; border_width_left=&#8220;6px&#8220; border_color_left=&#8220;#ffd030&#8243; global_colors_info=&#8220;{}&#8220; border_style_left__hover_enabled=&#8220;on|desktop&#8220;][\/et_pb_wc_title][et_pb_wc_price _builder_version=&#8220;4.19.4&#8243; body_text_color=&#8220;#000000&#8243; body_font_size=&#8220;20px&#8220; body_line_height=&#8220;1em&#8220; text_orientation=&#8220;left&#8220; custom_margin=&#8220;||13px|||&#8220; global_colors_info=&#8220;{}&#8220;][\/et_pb_wc_price][et_pb_wc_description _builder_version=&#8220;4.16&#8243; custom_margin=&#8220;||10px|||&#8220; global_colors_info=&#8220;{}&#8220;][\/et_pb_wc_description][et_pb_divider color=&#8220;#cecece&#8220; divider_position=&#8220;bottom&#8220; divider_weight=&#8220;1px&#8220; _builder_version=&#8220;4.19.4&#8243; _module_preset=&#8220;default&#8220; global_colors_info=&#8220;{}&#8220;][\/et_pb_divider][et_pb_accordion _builder_version=&#8220;4.19.4&#8243; _module_preset=&#8220;default&#8220; border_color_top=&#8220;#000000&#8243; global_colors_info=&#8220;{}&#8220;][\/et_pb_accordion][et_pb_wc_add_to_cart field_label_position=&#8220;inline&#8220; _builder_version=&#8220;4.19.4&#8243; fields_background_color=&#8220;#FFFFFF&#8220; fields_text_color=&#8220;#000000&#8243; fields_custom_margin=&#8220;0px|||0px|false|false&#8220; fields_custom_padding=&#8220;0px|||0px|false|false&#8220; field_label_font=&#8220;|||on|||||&#8220; field_label_text_align=&#8220;left&#8220; field_label_font_size=&#8220;15px&#8220; fields_font=&#8220;Lato||||||||&#8220; fields_font_size=&#8220;14px&#8220; fields_line_height=&#8220;1.1em&#8220; custom_button=&#8220;on&#8220; button_text_size=&#8220;15px&#8220; button_text_color=&#8220;#000000&#8243; button_bg_color=&#8220;#ffd030&#8243; button_border_width=&#8220;9px&#8220; button_border_color=&#8220;#ffd030&#8243; button_letter_spacing=&#8220;3px&#8220; button_font=&#8220;|||on|||||&#8220; button_icon=&#8220;&#x4c;||divi||400&#8243; button_icon_color=&#8220;#FFFFFF&#8220; custom_margin=&#8220;-7px||0px|1px|false|false&#8220; custom_padding=&#8220;0px||0px||false|false&#8220; border_radii_fields=&#8220;on|0px|0px|0px|0px&#8220; border_width_all_fields=&#8220;1px&#8220; global_colors_info=&#8220;{}&#8220;][\/et_pb_wc_add_to_cart][et_pb_wc_meta show_categories=&#8220;off&#8220; show_tags=&#8220;off&#8220; _builder_version=&#8220;4.19.4&#8243; global_colors_info=&#8220;{}&#8220;][\/et_pb_wc_meta][\/et_pb_column][\/et_pb_row][et_pb_row column_structure=&#8220;2_5,3_5&#8243; _builder_version=&#8220;4.19.4&#8243; _module_preset=&#8220;default&#8220; width=&#8220;100%&#8220; custom_margin=&#8220;114px|auto||auto||&#8220; custom_margin_tablet=&#8220;0px||||false|false&#8220; custom_margin_phone=&#8220;0px||||false|false&#8220; custom_margin_last_edited=&#8220;on|phone&#8220; custom_padding=&#8220;||1px|||&#8220; global_colors_info=&#8220;{}&#8220;][et_pb_column type=&#8220;2_5&#8243; _builder_version=&#8220;4.19.4&#8243; _module_preset=&#8220;default&#8220; global_colors_info=&#8220;{}&#8220;][et_pb_text _builder_version=&#8220;4.19.4&#8243; _module_preset=&#8220;default&#8220; custom_margin=&#8220;-2px||-2px||false|false&#8220; custom_margin_tablet=&#8220;0px||-2px||false|false&#8220; custom_margin_phone=&#8220;0px||-2px||false|false&#8220; custom_margin_last_edited=&#8220;off|desktop&#8220; custom_padding=&#8220;0px||0px|16px|false|false&#8220; border_width_left=&#8220;5px&#8220; border_color_left=&#8220;#ffd030&#8243; global_colors_info=&#8220;{}&#8220;]<\/p>\n<p><strong>Mehr Platz f\u00fcr das Wesentliche &#8211; mit dem 7\u00b4\u00b4 SteFly OpenVario<\/strong><\/p>\n<p>[\/et_pb_text][et_pb_divider show_divider=&#8220;off&#8220; _builder_version=&#8220;4.19.4&#8243; _module_preset=&#8220;default&#8220; global_colors_info=&#8220;{}&#8220;][\/et_pb_divider][et_pb_text _builder_version=&#8220;4.19.4&#8243; _module_preset=&#8220;default&#8220; custom_margin=&#8220;0px||||false|false&#8220; custom_padding=&#8220;0px||||false|false&#8220; global_colors_info=&#8220;{}&#8220;]<\/p>\n<p style=\"font-weight: 400;\">Mit dem SteFly OpenVario in der 7\u00b4\u00b4Version beh\u00e4lt man dank des gro\u00dfen und mit 1000 cd\/m\u00b2\u00a0sehr hellen Displays stets den \u00dcberblick.<\/p>\n<p>[\/et_pb_text][\/et_pb_column][et_pb_column type=&#8220;3_5&#8243; _builder_version=&#8220;4.19.4&#8243; _module_preset=&#8220;default&#8220; global_colors_info=&#8220;{}&#8220;][et_pb_image src=&#8220;https:\/\/www.stefly.aero\/wp-content\/uploads\/2023\/01\/LS3-Panel-_OpenVario-SteFly.png&#8220; title_text=&#8220;LS3 Panel _OpenVario SteFly&#8220; _builder_version=&#8220;4.19.4&#8243; _module_preset=&#8220;default&#8220; width=&#8220;100%&#8220; global_colors_info=&#8220;{}&#8220;][\/et_pb_image][\/et_pb_column][\/et_pb_row][\/et_pb_section][et_pb_section fb_built=&#8220;1&#8243; _builder_version=&#8220;4.19.4&#8243; _module_preset=&#8220;default&#8220; custom_padding=&#8220;||0px||false|false&#8220; global_colors_info=&#8220;{}&#8220;][et_pb_row _builder_version=&#8220;4.19.4&#8243; _module_preset=&#8220;default&#8220; width=&#8220;100%&#8220; global_colors_info=&#8220;{}&#8220;][et_pb_column type=&#8220;4_4&#8243; _builder_version=&#8220;4.19.4&#8243; _module_preset=&#8220;default&#8220; global_colors_info=&#8220;{}&#8220;][et_pb_wc_tabs include_tabs=&#8220;description|&#8220; _builder_version=&#8220;4.19.4&#8243; _module_preset=&#8220;default&#8220; tab_font=&#8220;|300||on|||||&#8220; tab_font_size=&#8220;20px&#8220; border_width_all=&#8220;0px&#8220; border_width_left=&#8220;4px&#8220; border_color_left=&#8220;#ffd02f&#8220; global_colors_info=&#8220;{}&#8220;][\/et_pb_wc_tabs][\/et_pb_column][\/et_pb_row][\/et_pb_section][et_pb_section fb_built=&#8220;1&#8243; _builder_version=&#8220;4.19.4&#8243; _module_preset=&#8220;default&#8220; custom_margin=&#8220;||0px||false|false&#8220; custom_padding=&#8220;0px||0px||false|false&#8220; global_colors_info=&#8220;{}&#8220;][et_pb_row _builder_version=&#8220;4.19.4&#8243; _module_preset=&#8220;default&#8220; custom_margin=&#8220;||0px||false|false&#8220; custom_padding=&#8220;||0px||false|false&#8220; global_colors_info=&#8220;{}&#8220;][et_pb_column type=&#8220;4_4&#8243; _builder_version=&#8220;4.19.4&#8243; _module_preset=&#8220;default&#8220; global_colors_info=&#8220;{}&#8220;][et_pb_wc_related_products _builder_version=&#8220;4.19.4&#8243; _module_preset=&#8220;5b2cf371-5681-4b96-baca-bd883385ca18&#8243; custom_margin=&#8220;||0px||false|false&#8220; title_font_size_tablet=&#8220;&#8220; title_font_size_phone=&#8220;19px&#8220; title_font_size_last_edited=&#8220;on|tablet&#8220; product_title_font_size_tablet=&#8220;&#8220; product_title_font_size_phone=&#8220;13px&#8220; product_title_font_size_last_edited=&#8220;on|phone&#8220; border_color_top=&#8220;#ffd02f&#8220; global_colors_info=&#8220;{}&#8220;][\/et_pb_wc_related_products][\/et_pb_column][\/et_pb_row][\/et_pb_section]<\/p>\n","protected":false},"excerpt":{"rendered":"<div class=\"woocommerce-product-details__short-description\">\n<p>7\u2033 OpenVario kit with housing and electronics. At least one <a href=\"https:\/\/www.stefly.aero\/en\/product-category\/openvario\/eingabegeraete\/\">Input Device<\/a> is required for operation. By installing the optionally available <a href=\"https:\/\/www.stefly.aero\/en\/product\/drucksensor-einheit\/\">Sensor Board<\/a> , the OpenVario works as a full electronic variometer as well.<\/p>\n<ul>\n<li>black anodized aluminum body, display frame and backplate<\/li>\n<li>electronics completely assembled and tested (incl. display and Cubieboard2)<\/li>\n<li>display cable, screws and mounting material<\/li>\n<li>D-Sub 15 solder connector for connecting to the on-board power supply and speaker (<a href=\"https:\/\/www.stefly.aero\/en\/product-category\/elektrik-verkabelung\/luftfahrt-kabel\/\">aviation wire<\/a> and speaker not included)<\/li>\n<li>4GB Micro SD card with adapter<\/li>\n<\/ul>\n<\/div>","protected":false},"featured_media":2767,"template":"","meta":{"_et_pb_use_builder":"on","_et_pb_old_content":"<strong><u>Technische Daten<\/u><\/strong>\r\n<strong>Display:<\/strong> 7'', Aufl\u00f6sung 800 x 480 px\r\n<strong>Displayhelligkeit:<\/strong> 1000 cd\/m\u00b2\r\n<strong>CPU:<\/strong> DualCore 1,2 GHz\r\n<strong>Spannungseingangsbereich:<\/strong> 9 bis 16 V\r\n<strong>Stromverbrauch:<\/strong> 490 mA @ 12,9 V\r\n<strong>Schnittstellen:<\/strong> 3 serielle Schnittstellen z.B. f\u00fcr Anschluss von Flarm, Funkger\u00e4t oder externem Vario (2 x RJ45 IGC-Pin-Belegung, 1 x D-Sub 15 polig)\r\n<strong>USB:<\/strong> 2 USB-A Ports, erweiterbar mit USB-Hub\r\n<strong>Einsatztemperatur:<\/strong> -30\u00b0C bis +60\u00b0C\r\n<strong>Abmessungen:<\/strong>\u00a0170,8 x 112,2 x 85 mm; Zeichnung f\u00fcr Panelausschnitt siehe unten\r\n<strong>Gewicht:<\/strong> 530 g\r\n<strong>Material:<\/strong> R\u00fcckgeh\u00e4use, Displayrahmen und Displayr\u00fcckplatte aus schwarz eloxiertem Aluminium\r\n<strong>externe Sicherung:<\/strong> 3A\r\n<strong>empfohlenes Zubeh\u00f6r:<\/strong> <a href=\"https:\/\/www.stefly.aero\/product\/usb-einbaubuchse-set\/\">USB-Einbaubuchse<\/a> (f\u00fcr schnelle Updates) und Ein-\/ Ausschalter im Instrumentenpanel\r\n\r\nUm einen \u00dcberblick \u00fcber den Arbeitsaufwand zur Fertigstellung des Bausatzes zu bekommen, werfen Sie bitte einen Blick auf folgende Anleitung: <a href=\"https:\/\/www.stefly.aero\/assembly\/\">https:\/\/www.stefly.aero\/assembly\/<\/a>\r\n\r\nDer Zeitaufwand f\u00fcr die Montage betr\u00e4gt ca. 30 \u2013 60 Minuten.\r\n\r\n<img class=\"alignnone size-full wp-image-4931\" src=\"https:\/\/www.stefly.aero\/wp-content\/uploads\/2019\/02\/Cutout_7_OV.jpg\" alt=\"\" width=\"500\" \/>","_et_gb_content_width":"","_exactmetrics_skip_tracking":false,"_exactmetrics_sitenote_active":false,"_exactmetrics_sitenote_note":"","_exactmetrics_sitenote_category":0},"product_brand":[],"product_cat":[426],"product_tag":[],"class_list":{"0":"post-2548","1":"product","2":"type-product","3":"status-publish","4":"has-post-thumbnail","6":"product_cat-ausverkauft","7":"product_shipping_class-standard-parcel","9":"first","10":"outofstock","11":"taxable","12":"shipping-taxable","13":"purchasable","14":"product-type-simple"},"_links":{"self":[{"href":"https:\/\/www.stefly.aero\/en\/wp-json\/wp\/v2\/product\/2548","targetHints":{"allow":["GET"]}}],"collection":[{"href":"https:\/\/www.stefly.aero\/en\/wp-json\/wp\/v2\/product"}],"about":[{"href":"https:\/\/www.stefly.aero\/en\/wp-json\/wp\/v2\/types\/product"}],"wp:featuredmedia":[{"embeddable":true,"href":"https:\/\/www.stefly.aero\/en\/wp-json\/wp\/v2\/media\/2767"}],"wp:attachment":[{"href":"https:\/\/www.stefly.aero\/en\/wp-json\/wp\/v2\/media?parent=2548"}],"wp:term":[{"taxonomy":"product_brand","embeddable":true,"href":"https:\/\/www.stefly.aero\/en\/wp-json\/wp\/v2\/product_brand?post=2548"},{"taxonomy":"product_cat","embeddable":true,"href":"https:\/\/www.stefly.aero\/en\/wp-json\/wp\/v2\/product_cat?post=2548"},{"taxonomy":"product_tag","embeddable":true,"href":"https:\/\/www.stefly.aero\/en\/wp-json\/wp\/v2\/product_tag?post=2548"}],"curies":[{"name":"wp","href":"https:\/\/api.w.org\/{rel}","templated":true}]}}