{"id":15292,"date":"2025-01-07T07:12:10","date_gmt":"2025-01-07T06:12:10","guid":{"rendered":"https:\/\/www.stefly.aero\/?post_type=product&#038;p=15292"},"modified":"2025-07-14T06:57:17","modified_gmt":"2025-07-14T04:57:17","slug":"stefly-haubenblitzer-rot-upgrade","status":"publish","type":"product","link":"https:\/\/www.stefly.aero\/en\/product\/stefly-haubenblitzer-rot-upgrade\/","title":{"rendered":"SteFly Canopy Flasher red upgrade"},"content":{"rendered":"<p>[et_pb_section fb_built=&#8220;1&#8243; _builder_version=&#8220;4.22.2&#8243; width=&#8220;100%&#8220; max_width=&#8220;100%&#8220; max_width_tablet=&#8220;85%&#8220; max_width_phone=&#8220;85%&#8220; max_width_last_edited=&#8220;on|desktop&#8220; module_alignment=&#8220;center&#8220; custom_padding=&#8220;30px||0px||false|false&#8220; saved_tabs=&#8220;all&#8220; global_colors_info=&#8220;{}&#8220;][et_pb_row _builder_version=&#8220;4.22.2&#8243; background_size=&#8220;initial&#8220; background_position=&#8220;top_left&#8220; background_repeat=&#8220;repeat&#8220; custom_padding=&#8220;0px||0px||false|false&#8220; global_colors_info=&#8220;{}&#8220;][et_pb_column type=&#8220;4_4&#8243; _builder_version=&#8220;4.16&#8243; custom_padding=&#8220;|||&#8220; global_colors_info=&#8220;{}&#8220; custom_padding__hover=&#8220;|||&#8220;][et_pb_wc_breadcrumb _builder_version=&#8220;4.19.4&#8243; body_font=&#8220;|||on|||||&#8220; body_letter_spacing=&#8220;2px&#8220; global_colors_info=&#8220;{}&#8220;][\/et_pb_wc_breadcrumb][et_pb_wc_cart_notice _builder_version=&#8220;4.20.2&#8243; title_text_color=&#8220;#000000&#8243; title_line_height=&#8220;1em&#8220; error_text_color=&#8220;#000000&#8243; content_text_color=&#8220;#000000&#8243; background_color=&#8220;#ffd030&#8243; custom_button=&#8220;on&#8220; button_text_color=&#8220;#FFFFFF&#8220; button_bg_color=&#8220;#000000&#8243; global_colors_info=&#8220;{}&#8220;][\/et_pb_wc_cart_notice][\/et_pb_column][\/et_pb_row][et_pb_row column_structure=&#8220;1_2,1_2&#8243; _builder_version=&#8220;4.22.2&#8243; background_size=&#8220;initial&#8220; background_position=&#8220;top_left&#8220; background_repeat=&#8220;repeat&#8220; custom_padding=&#8220;0px||||false|false&#8220; global_colors_info=&#8220;{}&#8220;][et_pb_column type=&#8220;1_2&#8243; _builder_version=&#8220;4.16&#8243; custom_padding=&#8220;|||&#8220; global_colors_info=&#8220;{}&#8220; custom_padding__hover=&#8220;|||&#8220;][et_pb_wc_gallery _builder_version=&#8220;4.19.4&#8243; _module_preset=&#8220;default&#8220; min_height=&#8220;566px&#8220; min_height_tablet=&#8220;600px&#8220; min_height_phone=&#8220;367px&#8220; min_height_last_edited=&#8220;on|tablet&#8220; custom_margin=&#8220;||-1px|||&#8220; custom_padding=&#8220;|0px|18px|||&#8220; auto=&#8220;on&#8220; global_colors_info=&#8220;{}&#8220;][\/et_pb_wc_gallery][\/et_pb_column][et_pb_column type=&#8220;1_2&#8243; _builder_version=&#8220;4.16&#8243; custom_padding=&#8220;|||&#8220; global_colors_info=&#8220;{}&#8220; custom_padding__hover=&#8220;|||&#8220;][et_pb_wc_title _builder_version=&#8220;4.19.4&#8243; header_text_align=&#8220;left&#8220; custom_margin=&#8220;|||0px|false|false&#8220; custom_padding=&#8220;|||18px|false|false&#8220; border_color_all=&#8220;#EDF000&#8243; border_width_left=&#8220;6px&#8220; border_color_left=&#8220;#ffd030&#8243; global_colors_info=&#8220;{}&#8220; border_style_left__hover_enabled=&#8220;on|desktop&#8220;][\/et_pb_wc_title][et_pb_wc_price _builder_version=&#8220;4.19.4&#8243; body_text_color=&#8220;#000000&#8243; body_font_size=&#8220;20px&#8220; body_line_height=&#8220;1em&#8220; text_orientation=&#8220;left&#8220; custom_margin=&#8220;||13px|||&#8220; global_colors_info=&#8220;{}&#8220;][\/et_pb_wc_price][et_pb_divider color=&#8220;#cecece&#8220; divider_position=&#8220;bottom&#8220; divider_weight=&#8220;1px&#8220; _builder_version=&#8220;4.19.4&#8243; _module_preset=&#8220;default&#8220; global_colors_info=&#8220;{}&#8220;][\/et_pb_divider][et_pb_wc_description _builder_version=&#8220;4.27.2&#8243; custom_margin=&#8220;||10px|||&#8220; global_colors_info=&#8220;{}&#8220;][\/et_pb_wc_description][et_pb_wc_add_to_cart field_label_position=&#8220;inline&#8220; admin_label=&#8220;Woo Product Add To Cart&#8220; _builder_version=&#8220;4.19.4&#8243; fields_background_color=&#8220;#FFFFFF&#8220; fields_text_color=&#8220;#000000&#8243; fields_custom_margin=&#8220;0px|||0px|false|false&#8220; fields_custom_padding=&#8220;0px|||0px|false|false&#8220; field_label_font=&#8220;|||on|||||&#8220; field_label_text_align=&#8220;left&#8220; field_label_font_size=&#8220;15px&#8220; fields_font=&#8220;Lato||||||||&#8220; fields_font_size=&#8220;14px&#8220; fields_line_height=&#8220;1.1em&#8220; custom_button=&#8220;on&#8220; button_text_size=&#8220;15px&#8220; button_text_color=&#8220;#000000&#8243; button_bg_color=&#8220;#ffd030&#8243; button_border_width=&#8220;9px&#8220; button_border_color=&#8220;#ffd030&#8243; button_letter_spacing=&#8220;3px&#8220; button_font=&#8220;|||on|||||&#8220; button_icon=&#8220;&#x4c;||divi||400&#8243; button_icon_color=&#8220;#FFFFFF&#8220; custom_margin=&#8220;-7px||0px|1px|false|false&#8220; custom_padding=&#8220;0px||0px||false|false&#8220; border_radii_fields=&#8220;on|0px|0px|0px|0px&#8220; border_width_all_fields=&#8220;1px&#8220; global_colors_info=&#8220;{}&#8220;][\/et_pb_wc_add_to_cart][et_pb_wc_meta show_categories=&#8220;off&#8220; show_tags=&#8220;off&#8220; _builder_version=&#8220;4.19.4&#8243; global_colors_info=&#8220;{}&#8220;][\/et_pb_wc_meta][et_pb_accordion admin_label=&#8220;Accordion&#8220; _builder_version=&#8220;4.19.4&#8243; _module_preset=&#8220;default&#8220; border_color_top=&#8220;#000000&#8243; global_colors_info=&#8220;{}&#8220;][\/et_pb_accordion][et_pb_cta button_url=&#8220;https:\/\/www.stefly.aero\/wp-content\/uploads\/2024\/03\/Canopy-Flasher-Aircraft-List-24_03.pdf&#8220; url_new_window=&#8220;on&#8220; button_text=&#8220;Liste mit kompatiblen Flugzeugmustern&#8220; _builder_version=&#8220;4.24.2&#8243; _module_preset=&#8220;default&#8220; header_text_color=&#8220;#000000&#8243; background_color=&#8220;RGBA(255,255,255,0)&#8220; custom_button=&#8220;on&#8220; button_text_size=&#8220;15px&#8220; button_text_color=&#8220;#000000&#8243; button_bg_color=&#8220;#ffd030&#8243; button_icon=&#8220;&#xf1c1;||fa||900&#8243; button_icon_color=&#8220;#000000&#8243; button_icon_placement=&#8220;left&#8220; button_on_hover=&#8220;off&#8220; custom_margin=&#8220;0px||0px||false|false&#8220; custom_padding=&#8220;0px||0px||false|false&#8220; global_colors_info=&#8220;{}&#8220;][\/et_pb_cta][\/et_pb_column][\/et_pb_row][\/et_pb_section][et_pb_section fb_built=&#8220;1&#8243; _builder_version=&#8220;4.20.2&#8243; _module_preset=&#8220;default&#8220; use_background_color_gradient=&#8220;on&#8220; background_color_gradient_direction=&#8220;90deg&#8220; background_color_gradient_stops=&#8220;rgba(255,255,255,0) 50%|#eeeeee 50%|#eeeeee 100%&#8220; width=&#8220;100%&#8220; custom_padding=&#8220;0px||0px||false|false&#8220; global_colors_info=&#8220;{}&#8220;][et_pb_row column_structure=&#8220;1_2,1_2&#8243; _builder_version=&#8220;4.20.2&#8243; _module_preset=&#8220;default&#8220; global_colors_info=&#8220;{}&#8220;][et_pb_column type=&#8220;1_2&#8243; _builder_version=&#8220;4.20.2&#8243; _module_preset=&#8220;default&#8220; global_colors_info=&#8220;{}&#8220;][et_pb_text _builder_version=&#8220;4.27.3&#8243; _module_preset=&#8220;default&#8220; header_2_font=&#8220;|700|||||||&#8220; header_2_font_size=&#8220;21px&#8220; custom_margin=&#8220;||0px||false|false&#8220; custom_margin_tablet=&#8220;||0px||false|false&#8220; custom_margin_phone=&#8220;0px||||false|false&#8220; custom_margin_last_edited=&#8220;on|phone&#8220; custom_padding=&#8220;20px||||false|false&#8220; global_colors_info=&#8220;{}&#8220;]<\/p>\n<h2>Lieferumfang<\/h2>\n<p>[\/et_pb_text][et_pb_text _builder_version=&#8220;4.27.4&#8243; _module_preset=&#8220;default&#8220; text_font=&#8220;||||||||&#8220; text_font_size=&#8220;16px&#8220; text_line_height=&#8220;1.4em&#8220; custom_margin=&#8220;16px||||false|false&#8220; custom_padding=&#8220;0px||||false|false&#8220; global_colors_info=&#8220;{}&#8220;]<\/p>\n<ul>\n<li>SteFly Haubenblitzer mit roten LEDs und schwarzem Aluminium-Kunststoff-Geh\u00e4use<\/li>\n<li>Control Box ist nicht enthalten, da diese vom gr\u00fcnen Blitzer \u00fcbernommen werden kann<\/li>\n<li>Schablone aus Maskierfolie zur pr\u00e4zisen Ausrichtung des Haubenblitzers in Flugrichtung<\/li>\n<li>Kabelhalter zur ordentlichen Verlegung der Kabel am Haubenrahmen<\/li>\n<li>Bei Blitzern mit Haubenkontakt: neuer Montagewinkel f\u00fcr die Befestigung des Haubenkontakts an der Acrylglasscheibe<\/li>\n<\/ul>\n<p>[\/et_pb_text][\/et_pb_column][et_pb_column type=&#8220;1_2&#8243; _builder_version=&#8220;4.20.2&#8243; _module_preset=&#8220;default&#8220; global_colors_info=&#8220;{}&#8220;][et_pb_image src=&#8220;https:\/\/www.stefly.aero\/wp-content\/uploads\/2024\/11\/C17A0459.jpg&#8220; alt=&#8220;SteFly Blitzer mit Flarm Box Lieferumfang&#8220; title_text=&#8220;C17A0459&#8243; _builder_version=&#8220;4.27.4&#8243; _module_preset=&#8220;default&#8220; global_colors_info=&#8220;{}&#8220;][\/et_pb_image][\/et_pb_column][\/et_pb_row][\/et_pb_section][et_pb_section fb_built=&#8220;1&#8243; admin_label=&#8220;Section&#8220; _builder_version=&#8220;4.20.2&#8243; _module_preset=&#8220;default&#8220; use_background_color_gradient=&#8220;on&#8220; background_color_gradient_direction=&#8220;90deg&#8220; background_color_gradient_stops=&#8220;#eeeeee 0%|#eeeeee 50%|rgba(255,255,255,0) 50%&#8220; width=&#8220;100%&#8220; custom_padding=&#8220;0px||0px||false|false&#8220; global_colors_info=&#8220;{}&#8220;][et_pb_row column_structure=&#8220;1_2,1_2&#8243; _builder_version=&#8220;4.20.2&#8243; _module_preset=&#8220;default&#8220; global_colors_info=&#8220;{}&#8220;][et_pb_column type=&#8220;1_2&#8243; _builder_version=&#8220;4.20.2&#8243; _module_preset=&#8220;default&#8220; global_colors_info=&#8220;{}&#8220;][et_pb_image src=&#8220;https:\/\/www.stefly.aero\/wp-content\/uploads\/2024\/11\/C17A0436.jpg&#8220; alt=&#8220;Canopy flasher red&#8220; title_text=&#8220;C17A0436&#8243; _builder_version=&#8220;4.27.4&#8243; _module_preset=&#8220;default&#8220; global_colors_info=&#8220;{}&#8220;][\/et_pb_image][\/et_pb_column][et_pb_column type=&#8220;1_2&#8243; _builder_version=&#8220;4.20.2&#8243; _module_preset=&#8220;default&#8220; global_colors_info=&#8220;{}&#8220;][et_pb_text _builder_version=&#8220;4.20.2&#8243; _module_preset=&#8220;default&#8220; header_2_font=&#8220;|700|||||||&#8220; header_2_font_size=&#8220;21px&#8220; custom_margin=&#8220;||0px||false|false&#8220; custom_margin_tablet=&#8220;||0px||false|false&#8220; custom_margin_phone=&#8220;0px||||false|false&#8220; custom_margin_last_edited=&#8220;on|phone&#8220; custom_padding=&#8220;20px||||false|false&#8220; global_colors_info=&#8220;{}&#8220;]<\/p>\n<h2>Highlights von Funktion und Design<\/h2>\n<p>[\/et_pb_text][et_pb_text _builder_version=&#8220;4.27.2&#8243; _module_preset=&#8220;default&#8220; text_font=&#8220;||||||||&#8220; text_font_size=&#8220;16px&#8220; text_line_height=&#8220;1.4em&#8220; custom_margin=&#8220;16px||||false|false&#8220; custom_padding=&#8220;0px||||false|false&#8220; global_colors_info=&#8220;{}&#8220;]<\/p>\n<ul>\n<li><strong>6 rote LEDs<\/strong> modernster Generation, die dank des Aluminiumk\u00fchlk\u00f6rpers mit einem sehr hohen Strom f\u00fcr maximale Helligkeit betrieben werden k\u00f6nnen<\/li>\n<li>Der durch die\u00a0<strong>Linsen<\/strong>\u00a0geformte Lichtstrahl warnt insbesondere frontal entgegenkommende Flugzeuge<\/li>\n<li>Die hohe LED-Leistung erm\u00f6glicht zugleich einen <strong>gr\u00f6\u00dferen Abstrahlwinkel<\/strong>, damit auch Flugzeuge gewarnt werden, die sich schr\u00e4g vor dem eigenen Flugzeug befinden<\/li>\n<li>Streulicht wird nicht vom Geh\u00e4use absorbiert, sondern durch die Auskleidung mit hochwertiger <strong>Reflektorfolie, wie sie auf Stra\u00dfenschildern zum Einsatz kommt,<\/strong>\u00a0konsequent aus der Haube herausgef\u00fchrt<\/li>\n<\/ul>\n<p>[\/et_pb_text][\/et_pb_column][\/et_pb_row][\/et_pb_section][et_pb_section fb_built=&#8220;1&#8243; _builder_version=&#8220;4.20.2&#8243; _module_preset=&#8220;default&#8220; use_background_color_gradient=&#8220;on&#8220; background_color_gradient_direction=&#8220;90deg&#8220; background_color_gradient_stops=&#8220;rgba(255,255,255,0) 50%|#eeeeee 50%|#eeeeee 100%&#8220; width=&#8220;100%&#8220; custom_padding=&#8220;0px||0px||false|false&#8220; global_colors_info=&#8220;{}&#8220;][et_pb_row column_structure=&#8220;1_2,1_2&#8243; _builder_version=&#8220;4.20.2&#8243; _module_preset=&#8220;default&#8220; global_colors_info=&#8220;{}&#8220;][et_pb_column type=&#8220;1_2&#8243; _builder_version=&#8220;4.20.2&#8243; _module_preset=&#8220;default&#8220; global_colors_info=&#8220;{}&#8220;][et_pb_text _builder_version=&#8220;4.27.4&#8243; _module_preset=&#8220;default&#8220; header_2_font=&#8220;|700|||||||&#8220; header_2_font_size=&#8220;21px&#8220; custom_margin=&#8220;||0px||false|false&#8220; custom_margin_tablet=&#8220;||0px||false|false&#8220; custom_margin_phone=&#8220;0px||||false|false&#8220; custom_margin_last_edited=&#8220;on|phone&#8220; custom_padding=&#8220;20px||||false|false&#8220; global_colors_info=&#8220;{}&#8220;]<\/p>\n<h2>Der elegante Haubenblitzer mit dem &#8222;Curved Design&#8220;<\/h2>\n<p>[\/et_pb_text][et_pb_text _builder_version=&#8220;4.27.4&#8243; _module_preset=&#8220;default&#8220; text_font=&#8220;||||||||&#8220; text_font_size=&#8220;16px&#8220; text_line_height=&#8220;1.4em&#8220; custom_margin=&#8220;16px||||false|false&#8220; custom_padding=&#8220;0px||||false|false&#8220; global_colors_info=&#8220;{}&#8220;]<\/p>\n<p>Das Entwicklungsziel bestand darin, den hellsten roten Haubenblitzer zu konstruieren. Trotzdem sollte das Geh\u00e4use kleiner sein, als das von anderen Haubenblitzern auf dem Markt. Wie kann das gelingen?<\/p>\n<p>[\/et_pb_text][et_pb_text _builder_version=&#8220;4.27.4&#8243; _module_preset=&#8220;default&#8220; text_font_size=&#8220;16px&#8220; text_line_height=&#8220;1.4em&#8220; custom_margin=&#8220;0px||5px||false|false&#8220; custom_margin_tablet=&#8220;0px||-15px||false|false&#8220; custom_margin_phone=&#8220;0px||-15px||false|false&#8220; custom_margin_last_edited=&#8220;off|desktop&#8220; custom_padding=&#8220;|||16px|false|false&#8220; border_width_left=&#8220;5px&#8220; border_color_left=&#8220;#ffd030&#8243; global_colors_info=&#8220;{}&#8220;]<\/p>\n<p><strong>FORM FOLLOWS FUNCTION<\/strong><\/p>\n<p>[\/et_pb_text][et_pb_text _builder_version=&#8220;4.27.4&#8243; _module_preset=&#8220;default&#8220; text_font=&#8220;||||||||&#8220; text_font_size=&#8220;16px&#8220; text_line_height=&#8220;1.4em&#8220; custom_margin=&#8220;16px||||false|false&#8220; custom_padding=&#8220;0px||||false|false&#8220; global_colors_info=&#8220;{}&#8220;]<\/p>\n<p>Indem die einzelnen LEDs mit dem geringst m\u00f6glichen Abstand zur Haubenverglasung angeordnet werden und das Geh\u00e4use dieser geschwungenen Kontur folgt, bleibt unter dem Geh\u00e4use maximal Platz, z.B. f\u00fcr die L\u00fcftungsklappe. Der Blitzer kann weit vorne an der Haube montiert werden. Gemeinsam mit den geringen Abmessungen erm\u00f6glicht dies, dass der Pilot weiter die volle Sicht nach vorne hat. Auch die Haubenbel\u00fcftung wird so wenig wie m\u00f6glich behindert.<\/p>\n<p>Es stehen wieder mehrere Geh\u00e4useformen zur Auswahl, um f\u00fcr die individuellen Haubenkr\u00fcmmungen und Platzverh\u00e4ltnisse verschiedener Flugzeugmuster immer die beste L\u00f6sung anbieten zu k\u00f6nnen.<\/p>\n<p>[\/et_pb_text][\/et_pb_column][et_pb_column type=&#8220;1_2&#8243; _builder_version=&#8220;4.20.2&#8243; _module_preset=&#8220;default&#8220; global_colors_info=&#8220;{}&#8220;][et_pb_image src=&#8220;https:\/\/www.stefly.aero\/wp-content\/uploads\/2024\/11\/C17A0465.jpg&#8220; title_text=&#8220;C17A0465&#8243; _builder_version=&#8220;4.27.4&#8243; _module_preset=&#8220;default&#8220; global_colors_info=&#8220;{}&#8220;][\/et_pb_image][\/et_pb_column][\/et_pb_row][\/et_pb_section][et_pb_section fb_built=&#8220;1&#8243; _builder_version=&#8220;4.20.2&#8243; _module_preset=&#8220;default&#8220; use_background_color_gradient=&#8220;on&#8220; background_color_gradient_direction=&#8220;90deg&#8220; background_color_gradient_stops=&#8220;#eeeeee 0%|#eeeeee 50%|rgba(255,255,255,0) 50%&#8220; width=&#8220;100%&#8220; custom_padding=&#8220;0px||0px||false|false&#8220; global_colors_info=&#8220;{}&#8220;][et_pb_row column_structure=&#8220;1_2,1_2&#8243; _builder_version=&#8220;4.20.2&#8243; _module_preset=&#8220;default&#8220; global_colors_info=&#8220;{}&#8220;][et_pb_column type=&#8220;1_2&#8243; _builder_version=&#8220;4.20.2&#8243; _module_preset=&#8220;default&#8220; global_colors_info=&#8220;{}&#8220;][et_pb_slider _builder_version=&#8220;4.27.4&#8243; header_font=&#8220;Roboto|700||on|||||&#8220; background_enable_image=&#8220;off&#8220; custom_button=&#8220;on&#8220; button_text_size=&#8220;10px&#8220; button_text_color=&#8220;#000000&#8243; button_bg_color=&#8220;#ffffff&#8220; button_border_width=&#8220;10px&#8220; button_border_color=&#8220;rgba(0,0,0,0)&#8220; button_border_radius=&#8220;0px&#8220; button_letter_spacing=&#8220;4px&#8220; button_font=&#8220;Roboto|700||on|||||&#8220; height=&#8220;500px&#8220; custom_padding=&#8220;100px||||false&#8220; custom_padding_tablet=&#8220;60px||||false&#8220; custom_padding_phone=&#8220;&#8220; custom_padding_last_edited=&#8220;on|desktop&#8220; animation_style=&#8220;fade&#8220; auto=&#8220;on&#8220; border_color_top=&#8220;#FFFFFF&#8220; border_radii_tablet=&#8220;&#8220; border_radii_phone=&#8220;&#8220; border_radii_last_edited=&#8220;on|phone&#8220; border_width_top_tablet=&#8220;10px&#8220; border_width_top_phone=&#8220;7px&#8220; border_width_top_last_edited=&#8220;on|phone&#8220; global_colors_info=&#8220;{}&#8220; background_color_gradient_start__hover=&#8220;#2b87da&#8220; background_color_gradient_start__hover_enabled=&#8220;#2b87da&#8220; background_color_gradient_end__hover=&#8220;#29c4a9&#8243; background_color_gradient_end__hover_enabled=&#8220;#29c4a9&#8243; use_background_color_gradient__hover=&#8220;off&#8220; use_background_color_gradient__hover_enabled=&#8220;off&#8220; background_color_gradient_type__hover=&#8220;linear&#8220; background_color_gradient_type__hover_enabled=&#8220;linear&#8220; background_color_gradient_direction__hover=&#8220;180deg&#8220; background_color_gradient_direction__hover_enabled=&#8220;180deg&#8220; background_color_gradient_direction_radial__hover=&#8220;center&#8220; background_color_gradient_direction_radial__hover_enabled=&#8220;center&#8220; background_color_gradient_start_position__hover=&#8220;0%&#8220; background_color_gradient_start_position__hover_enabled=&#8220;0%&#8220; background_color_gradient_end_position__hover=&#8220;100%&#8220; background_color_gradient_end_position__hover_enabled=&#8220;100%&#8220; background_color_gradient_overlays_image__hover=&#8220;off&#8220; background_color_gradient_overlays_image__hover_enabled=&#8220;off&#8220; background_color_gradient_stops__hover=&#8220;#2b87da 0%|#29c4a9 100%&#8220;][et_pb_slide _builder_version=&#8220;4.27.4&#8243; _module_preset=&#8220;default&#8220; background_color=&#8220;RGBA(255,255,255,0)&#8220; background_enable_color=&#8220;on&#8220; background_image=&#8220;https:\/\/www.stefly.aero\/wp-content\/uploads\/2024\/11\/C17A0418.jpg&#8220; background_enable_image=&#8220;on&#8220; global_colors_info=&#8220;{}&#8220; sticky_transition=&#8220;on&#8220;][\/et_pb_slide][et_pb_slide _builder_version=&#8220;4.27.4&#8243; _module_preset=&#8220;default&#8220; background_color=&#8220;RGBA(255,255,255,0)&#8220; background_enable_color=&#8220;on&#8220; background_image=&#8220;https:\/\/www.stefly.aero\/wp-content\/uploads\/2024\/11\/C17A0417.jpg&#8220; background_enable_image=&#8220;on&#8220; global_colors_info=&#8220;{}&#8220; sticky_transition=&#8220;on&#8220;][\/et_pb_slide][et_pb_slide _builder_version=&#8220;4.27.4&#8243; _module_preset=&#8220;default&#8220; background_color=&#8220;RGBA(255,255,255,0)&#8220; background_enable_color=&#8220;on&#8220; background_image=&#8220;https:\/\/www.stefly.aero\/wp-content\/uploads\/2024\/11\/C17A0416.jpg&#8220; background_enable_image=&#8220;on&#8220; global_colors_info=&#8220;{}&#8220; sticky_transition=&#8220;on&#8220;][\/et_pb_slide][\/et_pb_slider][\/et_pb_column][et_pb_column type=&#8220;1_2&#8243; _builder_version=&#8220;4.20.2&#8243; _module_preset=&#8220;default&#8220; global_colors_info=&#8220;{}&#8220;][et_pb_text _builder_version=&#8220;4.20.2&#8243; _module_preset=&#8220;default&#8220; header_2_font=&#8220;|700|||||||&#8220; header_2_font_size=&#8220;21px&#8220; custom_margin=&#8220;||0px||false|false&#8220; custom_margin_tablet=&#8220;||0px||false|false&#8220; custom_margin_phone=&#8220;0px||||false|false&#8220; custom_margin_last_edited=&#8220;on|phone&#8220; custom_padding=&#8220;20px||||false|false&#8220; global_colors_info=&#8220;{}&#8220;]<\/p>\n<h2>Aluminiumgeh\u00e4use f\u00fcr das W\u00e4rmemanagement<\/h2>\n<p>[\/et_pb_text][et_pb_text _builder_version=&#8220;4.27.4&#8243; _module_preset=&#8220;default&#8220; text_font=&#8220;||||||||&#8220; text_font_size=&#8220;16px&#8220; text_line_height=&#8220;1.4em&#8220; custom_margin=&#8220;16px||||false|false&#8220; custom_padding=&#8220;0px||||false|false&#8220; global_colors_info=&#8220;{}&#8220;]<\/p>\n<p style=\"font-weight: 400;\">Rote LEDs erzeugen bei gleichem Energieeinsatz einen geringeren Lichtstrom verglichen mit gr\u00fcnen LEDs. Die Energie, die nicht in Licht umgewandelt wird, muss als Abw\u00e4rme an die Umgebung abgegeben werden. Hierf\u00fcr braucht es ein leistungsf\u00e4higes Abw\u00e4rmekonzept und insbesondere einen K\u00fchlk\u00f6rper mit gro\u00dfer Oberfl\u00e4che aus einem Material mit hoher W\u00e4rmeleitf\u00e4higkeit. Alle Kunststoffe besitzen eine sehr geringe W\u00e4rmeleitf\u00e4higkeit von z.B. 0,23 W\/(m*K) bei Nylon. Aluminium weist dagegen 220 W\/(m*K) auf \u2013 das ist eine um den Faktor 950 bessere W\u00e4rmeleitf\u00e4higkeit! Ein K\u00fchlk\u00f6rper aus Kunststoff ist sinnlos und maximal als Designelement einsetzbar. Ein K\u00fchlk\u00f6rper aus Aluminium nimmt dank seiner gr\u00f6\u00dferen thermischen Masse die W\u00e4rme auf, die von den LEDs bei jedem Blitz abgegeben wird und leitet sie kontinuierlich an die k\u00fchlere Au\u00dfenfl\u00e4che des K\u00fchlk\u00f6rpers weiter. Von dort wird sie an von der Umgebungsluft aufgenommen.<\/p>\n<p>[\/et_pb_text][et_pb_text _builder_version=&#8220;4.27.4&#8243; _module_preset=&#8220;default&#8220; text_font=&#8220;||||||||&#8220; text_font_size=&#8220;16px&#8220; text_line_height=&#8220;1.4em&#8220; custom_margin=&#8220;16px||||false|false&#8220; custom_padding=&#8220;0px||||false|false&#8220; global_colors_info=&#8220;{}&#8220;]<\/p>\n<p><strong>Zusammengefasst:<\/strong><\/p>\n<ul>\n<li>Wir setzen auf einen\u00a0<strong>gefr\u00e4sten Aluminiumk\u00fchlk\u00f6rper<\/strong> zur optimalen K\u00fchlung der LEDs<\/li>\n<li>Optimale <strong>W\u00e4rmeabfuhr<\/strong> <strong>f\u00fcr eine lange LED-Lebensdauer und hohe Lichtleistung<\/strong> auch bei sommerlichen Temperaturen und hoher Sonneneinstrahlung, denn eine k\u00e4ltere LED hat den h\u00f6heren Wirkungsgrad<\/li>\n<li>Dank des K\u00fchlk\u00f6rpers k\u00f6nnen die <strong>6 Hochleistungs-LEDs<\/strong> mit einem Strom und einer Helligkeit betrieben werden, die mit einem Kunststoffk\u00fchlk\u00f6rper bei weitem nicht m\u00f6glich w\u00e4ren<\/li>\n<li>Das Geh\u00e4use des Blitzers ist\u00a0<strong>matt-schwarz eloxiert\u00a0<\/strong>und mit einem<strong>\u00a0schwarzen SteFly-Logo\u00a0<\/strong>versehen<\/li>\n<\/ul>\n<p><strong>Auch sonst \u00fcberzeugt das Geh\u00e4use mit vielen Details:<\/strong><\/p>\n<ul>\n<li>Der vordere Geh\u00e4useteil ist im <strong>3D-Laser-Sinter-Verfahren aus Hochleistungspolyamid<\/strong>\u00a0hergestellt<\/li>\n<li>Zur visuellen Kontrolle, ob und wann genau Lichtblitze abgegeben werden, ist ein <strong>Lichtleiter<\/strong> in den K\u00fchlk\u00f6rper integriert<\/li>\n<li>Doppelseitiges <strong>3M-VHB-Band <\/strong>verbindet\u00a0Haubenblitzer und Acrylglas zuverl\u00e4ssig<\/li>\n<\/ul>\n<p>[\/et_pb_text][\/et_pb_column][\/et_pb_row][\/et_pb_section]<\/p>\n","protected":false},"excerpt":{"rendered":"<p>After consultation, send us your green SteFly canopy flasher and we will exchange it for a red canopy flasher. Please also enter in the \u201cAIRCRAFT TYPE\u201d field if you would like us to optimize the cable length of your new canopy flasher (e.g. shorten the cable between the canopy flasher and the canopy contact by 2 cm).<\/p>","protected":false},"featured_media":15084,"template":"","meta":{"_et_pb_use_builder":"on","_et_pb_old_content":"<strong><u>Technische Daten<\/u><\/strong>\r\n<strong>LEDs:<\/strong> 6 rote Hochleistungs-LEDs; dank Aluminiumk\u00fchlk\u00f6rper hoher Stromfluss ohne \u00dcberhitzen m\u00f6glich\r\n<strong>Haubenblitzer Standardform:<\/strong> Gewicht 51 g (inkl. 40 cm Kabel), Abmessungen LxBxH 51 mm x 66 mm x 18 mm\r\n<strong>Spannungseingangsbereich:<\/strong> 9 bis 17 V DC\r\n<strong>Stromverbrauch:<\/strong>\u00a0140 mA f\u00fcr den Haubenblitzer Essential bei 13,5 V\r\n130 mA insgesamt f\u00fcr Haubenblitzer und Controlbox bei 13,5 V und Blitzfrequenzeinstellung \"Low\"\r\n200 mA insgesamt f\u00fcr Haubenblitzer und Controlbox bei 13,5 V und Blitzfrequenzeinstellung \"Medium\"\r\n<strong>Einsatztemperatur:<\/strong> -30\u00b0C bis +60\u00b0C\r\n<strong>Material:<\/strong>\u00a0Haubenblitzer-Geh\u00e4use aus SLS-gedrucktem Kunststoff, matt-schwarz lackiert; Geh\u00e4use mit Reflektorfolie ausgekleidet f\u00fcr maximalen Wirkungsgrad","_et_gb_content_width":"","_exactmetrics_skip_tracking":false,"_exactmetrics_sitenote_active":false,"_exactmetrics_sitenote_note":"","_exactmetrics_sitenote_category":0},"product_brand":[],"product_cat":[370],"product_tag":[],"class_list":{"0":"post-15292","1":"product","2":"type-product","3":"status-publish","4":"has-post-thumbnail","6":"product_cat-haubenblitzer","7":"product_shipping_class-standard-parcel","8":"wcpa_has_options","10":"first","11":"instock","12":"sale","13":"taxable","14":"shipping-taxable","15":"purchasable","16":"product-type-simple"},"_links":{"self":[{"href":"https:\/\/www.stefly.aero\/en\/wp-json\/wp\/v2\/product\/15292","targetHints":{"allow":["GET"]}}],"collection":[{"href":"https:\/\/www.stefly.aero\/en\/wp-json\/wp\/v2\/product"}],"about":[{"href":"https:\/\/www.stefly.aero\/en\/wp-json\/wp\/v2\/types\/product"}],"wp:featuredmedia":[{"embeddable":true,"href":"https:\/\/www.stefly.aero\/en\/wp-json\/wp\/v2\/media\/15084"}],"wp:attachment":[{"href":"https:\/\/www.stefly.aero\/en\/wp-json\/wp\/v2\/media?parent=15292"}],"wp:term":[{"taxonomy":"product_brand","embeddable":true,"href":"https:\/\/www.stefly.aero\/en\/wp-json\/wp\/v2\/product_brand?post=15292"},{"taxonomy":"product_cat","embeddable":true,"href":"https:\/\/www.stefly.aero\/en\/wp-json\/wp\/v2\/product_cat?post=15292"},{"taxonomy":"product_tag","embeddable":true,"href":"https:\/\/www.stefly.aero\/en\/wp-json\/wp\/v2\/product_tag?post=15292"}],"curies":[{"name":"wp","href":"https:\/\/api.w.org\/{rel}","templated":true}]}}