{"id":14048,"date":"2023-12-02T13:55:38","date_gmt":"2023-12-02T12:55:38","guid":{"rendered":"https:\/\/www.stefly.aero\/?post_type=product&#038;p=14048"},"modified":"2025-10-10T10:54:11","modified_gmt":"2025-10-10T08:54:11","slug":"stefly-leder-knueppelgriff-dynamic-wt9","status":"publish","type":"product","link":"https:\/\/www.stefly.aero\/en\/product\/stefly-leder-knueppelgriff-dynamic-wt9\/","title":{"rendered":"2 SteFly Leather Control Sticks for Dynamic WT 9"},"content":{"rendered":"<p>[et_pb_section fb_built=&#8220;1&#8243; _builder_version=&#8220;4.16&#8243; custom_padding=&#8220;0px||0px||false|false&#8220; saved_tabs=&#8220;all&#8220; global_colors_info=&#8220;{}&#8220;][et_pb_row _builder_version=&#8220;4.16&#8243; background_size=&#8220;initial&#8220; background_position=&#8220;top_left&#8220; background_repeat=&#8220;repeat&#8220; width=&#8220;100%&#8220; custom_padding=&#8220;0px||0px||false|false&#8220; global_colors_info=&#8220;{}&#8220;][et_pb_column type=&#8220;4_4&#8243; _builder_version=&#8220;4.16&#8243; custom_padding=&#8220;|||&#8220; global_colors_info=&#8220;{}&#8220; custom_padding__hover=&#8220;|||&#8220;][et_pb_wc_breadcrumb _builder_version=&#8220;4.19.4&#8243; body_font=&#8220;|||on|||||&#8220; body_letter_spacing=&#8220;2px&#8220; global_colors_info=&#8220;{}&#8220;][\/et_pb_wc_breadcrumb][et_pb_wc_cart_notice _builder_version=&#8220;4.19.4&#8243; title_text_color=&#8220;#000000&#8243; title_line_height=&#8220;1em&#8220; error_text_color=&#8220;#000000&#8243; content_text_color=&#8220;#000000&#8243; background_color=&#8220;#ffd030&#8243; custom_button=&#8220;on&#8220; button_text_color=&#8220;#FFFFFF&#8220; button_bg_color=&#8220;#000000&#8243; global_colors_info=&#8220;{}&#8220;][\/et_pb_wc_cart_notice][\/et_pb_column][\/et_pb_row][et_pb_row column_structure=&#8220;1_2,1_2&#8243; _builder_version=&#8220;4.19.4&#8243; background_size=&#8220;initial&#8220; background_position=&#8220;top_left&#8220; background_repeat=&#8220;repeat&#8220; width=&#8220;100%&#8220; custom_padding=&#8220;0px||||false|false&#8220; global_colors_info=&#8220;{}&#8220;][et_pb_column type=&#8220;1_2&#8243; _builder_version=&#8220;4.16&#8243; custom_padding=&#8220;|||&#8220; global_colors_info=&#8220;{}&#8220; custom_padding__hover=&#8220;|||&#8220;][et_pb_wc_gallery _builder_version=&#8220;4.19.4&#8243; _module_preset=&#8220;default&#8220; min_height=&#8220;566px&#8220; min_height_tablet=&#8220;600px&#8220; min_height_phone=&#8220;367px&#8220; min_height_last_edited=&#8220;on|tablet&#8220; custom_margin=&#8220;||-1px|||&#8220; custom_padding=&#8220;|0px|18px|||&#8220; auto=&#8220;on&#8220; global_colors_info=&#8220;{}&#8220;][\/et_pb_wc_gallery][\/et_pb_column][et_pb_column type=&#8220;1_2&#8243; _builder_version=&#8220;4.16&#8243; custom_padding=&#8220;|||&#8220; global_colors_info=&#8220;{}&#8220; custom_padding__hover=&#8220;|||&#8220;][et_pb_wc_title _builder_version=&#8220;4.19.4&#8243; header_text_align=&#8220;left&#8220; custom_margin=&#8220;|||0px|false|false&#8220; custom_padding=&#8220;|||18px|false|false&#8220; border_color_all=&#8220;#EDF000&#8243; border_width_left=&#8220;6px&#8220; border_color_left=&#8220;#ffd030&#8243; global_colors_info=&#8220;{}&#8220; border_style_left__hover_enabled=&#8220;on|desktop&#8220;][\/et_pb_wc_title][et_pb_wc_price _builder_version=&#8220;4.19.4&#8243; body_text_color=&#8220;#000000&#8243; body_font_size=&#8220;20px&#8220; body_line_height=&#8220;1em&#8220; text_orientation=&#8220;left&#8220; custom_margin=&#8220;||13px|||&#8220; global_colors_info=&#8220;{}&#8220;][\/et_pb_wc_price][et_pb_wc_description _builder_version=&#8220;4.20.2&#8243; custom_margin=&#8220;||10px|||&#8220; global_colors_info=&#8220;{}&#8220;][\/et_pb_wc_description][et_pb_divider color=&#8220;#cecece&#8220; divider_position=&#8220;bottom&#8220; divider_weight=&#8220;1px&#8220; _builder_version=&#8220;4.19.4&#8243; _module_preset=&#8220;default&#8220; global_colors_info=&#8220;{}&#8220;][\/et_pb_divider][et_pb_accordion _builder_version=&#8220;4.19.4&#8243; _module_preset=&#8220;default&#8220; border_color_top=&#8220;#000000&#8243; global_colors_info=&#8220;{}&#8220;][\/et_pb_accordion][et_pb_wc_add_to_cart field_label_position=&#8220;inline&#8220; _builder_version=&#8220;4.19.4&#8243; fields_background_color=&#8220;#FFFFFF&#8220; fields_text_color=&#8220;#000000&#8243; fields_custom_margin=&#8220;0px|||0px|false|false&#8220; fields_custom_padding=&#8220;0px|||0px|false|false&#8220; field_label_font=&#8220;|||on|||||&#8220; field_label_text_align=&#8220;left&#8220; field_label_font_size=&#8220;15px&#8220; fields_font=&#8220;Lato||||||||&#8220; fields_font_size=&#8220;14px&#8220; fields_line_height=&#8220;1.1em&#8220; custom_button=&#8220;on&#8220; button_text_size=&#8220;15px&#8220; button_text_color=&#8220;#000000&#8243; button_bg_color=&#8220;#ffd030&#8243; button_border_width=&#8220;9px&#8220; button_border_color=&#8220;#ffd030&#8243; button_letter_spacing=&#8220;3px&#8220; button_font=&#8220;|||on|||||&#8220; button_icon=&#8220;&#x4c;||divi||400&#8243; button_icon_color=&#8220;#FFFFFF&#8220; custom_margin=&#8220;-7px||0px|1px|false|false&#8220; custom_padding=&#8220;0px||0px||false|false&#8220; border_radii_fields=&#8220;on|0px|0px|0px|0px&#8220; border_width_all_fields=&#8220;1px&#8220; global_colors_info=&#8220;{}&#8220;][\/et_pb_wc_add_to_cart][et_pb_wc_meta show_categories=&#8220;off&#8220; show_tags=&#8220;off&#8220; _builder_version=&#8220;4.19.4&#8243; global_colors_info=&#8220;{}&#8220;][\/et_pb_wc_meta][\/et_pb_column][\/et_pb_row][et_pb_row column_structure=&#8220;1_2,1_2&#8243; _builder_version=&#8220;4.27.4&#8243; _module_preset=&#8220;default&#8220; width=&#8220;100%&#8220; custom_margin=&#8220;-2px|auto||auto||&#8220; custom_margin_tablet=&#8220;0px||||false|false&#8220; custom_margin_phone=&#8220;0px||||false|false&#8220; custom_margin_last_edited=&#8220;on|phone&#8220; custom_padding=&#8220;||1px|||&#8220; global_colors_info=&#8220;{}&#8220; theme_builder_area=&#8220;post_content&#8220;][et_pb_column type=&#8220;1_2&#8243; _builder_version=&#8220;4.19.4&#8243; _module_preset=&#8220;default&#8220; global_colors_info=&#8220;{}&#8220; theme_builder_area=&#8220;post_content&#8220;][et_pb_text _builder_version=&#8220;4.27.4&#8243; _module_preset=&#8220;default&#8220; custom_margin=&#8220;|||0px|false|false&#8220; custom_padding=&#8220;|||17px|false|false&#8220; border_width_left=&#8220;5px&#8220; border_color_left=&#8220;#ffd030&#8243; global_colors_info=&#8220;{}&#8220; theme_builder_area=&#8220;post_content&#8220;]<\/p>\n<h1>Der wichtigste Kontaktpunkt zwischen Mensch und Maschine<\/h1>\n<p>[\/et_pb_text][et_pb_text _builder_version=&#8220;4.27.4&#8243; _module_preset=&#8220;default&#8220; custom_margin=&#8220;||10px|||&#8220; global_colors_info=&#8220;{}&#8220; theme_builder_area=&#8220;post_content&#8220;]<\/p>\n<p>Allen, die ihr Flugzeug mit einem neuen Kn\u00fcppelgriff versch\u00f6nern wollen aber kein OpenVario installiert haben, k\u00f6nnen wir den SteFly Kn\u00fcppelgriff auch ohne Elektronik nur mit einem robusten Funktaster anbieten. Der robuste Funkknopf mit verchromter, kratzfester Oberfl\u00e4che ist in eine gefr\u00e4ste CFK-Platte eingelassen. Erg\u00e4nzt wird er durch einen kleinen Taster f\u00fcr den Zeigefinger zur Sollfahrumschaltung.\u00a0Durch die ergonomische Form liegt der Kn\u00fcppel sehr gut in der Hand. <strong>Strapazierf\u00e4higes<\/strong> schwarzes Leder, das ebenfalls f\u00fcr Lenkr\u00e4der im Premium-Automobilbau eingesetzt wird, verleiht dem Kn\u00fcppelgriff in Kombination mit einer markanten Ziernaht ein elegantes Erscheinungsbild. Bei der Garnfarbe der Ziernaht stehen <strong>sechs Farben<\/strong> standardm\u00e4\u00dfig zur Auswahl. Weitere individuelle Sonderfarben k\u00f6nnen wir auf Anfrage realisieren.<\/p>\n<p>[\/et_pb_text][et_pb_image src=&#8220;https:\/\/www.stefly.aero\/wp-content\/uploads\/2017\/09\/remote-stick-special-colors.jpg&#8220; title_text=&#8220;remote stick special colors&#8220; show_bottom_space=&#8220;off&#8220; _builder_version=&#8220;4.27.4&#8243; _module_preset=&#8220;default&#8220; width=&#8220;100%&#8220; global_colors_info=&#8220;{}&#8220; theme_builder_area=&#8220;post_content&#8220;][\/et_pb_image][et_pb_text _builder_version=&#8220;4.27.4&#8243; _module_preset=&#8220;default&#8220; custom_margin=&#8220;||0px||false|false&#8220; global_colors_info=&#8220;{}&#8220; theme_builder_area=&#8220;post_content&#8220;]<\/p>\n<p>Hinweis: Die Abbildung zeigt verschiedene Farbvarianten am Beispiel des SteFly Steuerkn\u00fcppels mit Fernbedienung<\/p>\n<p>[\/et_pb_text][\/et_pb_column][et_pb_column type=&#8220;1_2&#8243; _builder_version=&#8220;4.19.4&#8243; _module_preset=&#8220;default&#8220; global_colors_info=&#8220;{}&#8220; theme_builder_area=&#8220;post_content&#8220;][et_pb_image src=&#8220;https:\/\/www.stefly.aero\/wp-content\/uploads\/2025\/10\/Steuerknueppel-Motorflugzeug.jpg&#8220; alt=&#8220;Steuerkn\u00fcppel PTT Motorflugzeug&#8220; title_text=&#8220;Steuerkn\u00fcppel Motorflugzeug&#8220; _builder_version=&#8220;4.27.4&#8243; _module_preset=&#8220;default&#8220; global_colors_info=&#8220;{}&#8220; theme_builder_area=&#8220;post_content&#8220;][\/et_pb_image][\/et_pb_column][\/et_pb_row][\/et_pb_section][et_pb_section fb_built=&#8220;1&#8243; _builder_version=&#8220;4.19.4&#8243; _module_preset=&#8220;default&#8220; custom_margin=&#8220;0px||||false|false&#8220; custom_margin_tablet=&#8220;-60px||||false|false&#8220; custom_margin_phone=&#8220;-60px||||false|false&#8220; custom_margin_last_edited=&#8220;on|tablet&#8220; global_colors_info=&#8220;{}&#8220;][et_pb_row _builder_version=&#8220;4.19.4&#8243; _module_preset=&#8220;default&#8220; custom_padding=&#8220;16px|||||&#8220; global_colors_info=&#8220;{}&#8220;][et_pb_column type=&#8220;4_4&#8243; _builder_version=&#8220;4.19.4&#8243; _module_preset=&#8220;default&#8220; global_colors_info=&#8220;{}&#8220;][et_pb_text _builder_version=&#8220;4.19.4&#8243; _module_preset=&#8220;default&#8220; custom_margin=&#8220;0px||-15px||false|false&#8220; custom_margin_tablet=&#8220;0px||-15px||false|false&#8220; custom_margin_phone=&#8220;0px||-15px||false|false&#8220; custom_margin_last_edited=&#8220;off|desktop&#8220; custom_padding=&#8220;0px||0px|16px|false|false&#8220; border_width_left=&#8220;5px&#8220; border_color_left=&#8220;#ffd030&#8243; global_colors_info=&#8220;{}&#8220;]<\/p>\n<h3><b>LIEFERUMFANG<\/b><\/h3>\n<p>[\/et_pb_text][et_pb_divider show_divider=&#8220;off&#8220; _builder_version=&#8220;4.19.4&#8243; _module_preset=&#8220;default&#8220; global_colors_info=&#8220;{}&#8220;][\/et_pb_divider][et_pb_text _builder_version=&#8220;4.27.4&#8243; _module_preset=&#8220;default&#8220; global_colors_info=&#8220;{}&#8220;]<\/p>\n<ul>\n<li>2 komplett montiertere Kn\u00fcppelgriff (Rechts- und Linksh\u00e4nderversion) mit PTT-Taster f\u00fcr das Funken<\/li>\n<li>Innendurchmesser 20,1 mm<\/li>\n<li>hochwertige, Luftfahrt-TEFZEL-Kabel (Kabell\u00e4nge je 2,5 m) sind bereits an den PTT Taster gel\u00f6tet<\/li>\n<li>Schrauben zur Befestigung des Kn\u00fcppels am Steuerrohr<\/li>\n<\/ul>\n<p><span style=\"font-size: 15px;\">Weitere Sonderanfertigungen bez\u00fcglich Kn\u00fcppel-Innendurchmesser und Garnfarbe sind m\u00f6glich. Details bitte vor einer Bestellung per eMail abkl\u00e4ren.<\/span><\/p>\n<p>&nbsp;<\/p>\n<p>[\/et_pb_text][\/et_pb_column][\/et_pb_row][\/et_pb_section][et_pb_section fb_built=&#8220;1&#8243; _builder_version=&#8220;4.19.4&#8243; _module_preset=&#8220;default&#8220; custom_margin=&#8220;||0px||false|false&#8220; custom_padding=&#8220;0px||0px||false|false&#8220; global_colors_info=&#8220;{}&#8220;][et_pb_row _builder_version=&#8220;4.19.4&#8243; _module_preset=&#8220;default&#8220; custom_margin=&#8220;||0px||false|false&#8220; custom_padding=&#8220;||0px||false|false&#8220; global_colors_info=&#8220;{}&#8220;][et_pb_column type=&#8220;4_4&#8243; _builder_version=&#8220;4.19.4&#8243; _module_preset=&#8220;default&#8220; global_colors_info=&#8220;{}&#8220;][et_pb_wc_related_products _builder_version=&#8220;4.19.4&#8243; _module_preset=&#8220;5b2cf371-5681-4b96-baca-bd883385ca18&#8243; custom_margin=&#8220;||0px||false|false&#8220; title_font_size_tablet=&#8220;&#8220; title_font_size_phone=&#8220;19px&#8220; title_font_size_last_edited=&#8220;on|tablet&#8220; product_title_font_size_tablet=&#8220;&#8220; product_title_font_size_phone=&#8220;13px&#8220; product_title_font_size_last_edited=&#8220;on|phone&#8220; border_color_top=&#8220;#ffd02f&#8220; global_colors_info=&#8220;{}&#8220;][\/et_pb_wc_related_products][\/et_pb_column][\/et_pb_row][\/et_pb_section]<\/p>\n","protected":false},"excerpt":{"rendered":"<p>The popular SteFly leather stick handle is now also available for the Dynamic WT 9. Two stick handles are supplied in a set: a left-handed version for the pilot's side and a right-handed version for the co-pilot's side. Both sticks have a robust, centred PTT button on the CFRP plate.<\/p>\n<ul>\n<li>Inner diameter of the stick: 20.1 mm<\/li>\n<li>Yarn color: black, red, blue, gray, special colors orange, yellow and pastel green. Please inquire about other special colors in advance by email.<\/li>\n<li>PTT button incl. 2.5 m connection cable<\/li>\n<\/ul>\n<p>A CFRP front panel without a cut-out for the PTT button or an additional switch is available on request.<\/p>","protected":false},"featured_media":15902,"template":"","meta":{"_et_pb_use_builder":"on","_et_pb_old_content":"","_et_gb_content_width":"","_exactmetrics_skip_tracking":false,"_exactmetrics_sitenote_active":false,"_exactmetrics_sitenote_note":"","_exactmetrics_sitenote_category":0},"product_brand":[],"product_cat":[116],"product_tag":[],"class_list":{"0":"post-14048","1":"product","2":"type-product","3":"status-publish","4":"has-post-thumbnail","6":"product_cat-knueppelgriff","7":"product_shipping_class-standard-parcel","9":"first","10":"instock","11":"taxable","12":"shipping-taxable","13":"purchasable","14":"product-type-variable"},"_links":{"self":[{"href":"https:\/\/www.stefly.aero\/en\/wp-json\/wp\/v2\/product\/14048","targetHints":{"allow":["GET"]}}],"collection":[{"href":"https:\/\/www.stefly.aero\/en\/wp-json\/wp\/v2\/product"}],"about":[{"href":"https:\/\/www.stefly.aero\/en\/wp-json\/wp\/v2\/types\/product"}],"wp:featuredmedia":[{"embeddable":true,"href":"https:\/\/www.stefly.aero\/en\/wp-json\/wp\/v2\/media\/15902"}],"wp:attachment":[{"href":"https:\/\/www.stefly.aero\/en\/wp-json\/wp\/v2\/media?parent=14048"}],"wp:term":[{"taxonomy":"product_brand","embeddable":true,"href":"https:\/\/www.stefly.aero\/en\/wp-json\/wp\/v2\/product_brand?post=14048"},{"taxonomy":"product_cat","embeddable":true,"href":"https:\/\/www.stefly.aero\/en\/wp-json\/wp\/v2\/product_cat?post=14048"},{"taxonomy":"product_tag","embeddable":true,"href":"https:\/\/www.stefly.aero\/en\/wp-json\/wp\/v2\/product_tag?post=14048"}],"curies":[{"name":"wp","href":"https:\/\/api.w.org\/{rel}","templated":true}]}}