{"id":12724,"date":"2023-03-28T10:21:01","date_gmt":"2023-03-28T08:21:01","guid":{"rendered":"https:\/\/www.stefly.aero\/?post_type=product&#038;p=12724"},"modified":"2026-04-20T19:54:42","modified_gmt":"2026-04-20T17:54:42","slug":"stefly-ptt-knueppelgriff-ls1f","status":"publish","type":"product","link":"https:\/\/www.stefly.aero\/en\/product\/stefly-ptt-knueppelgriff-ls1f\/","title":{"rendered":"SteFly PTT Control Stick LS1f"},"content":{"rendered":"<p>[et_pb_section fb_built=&#8220;1&#8243; _builder_version=&#8220;4.16&#8243; custom_padding=&#8220;0px||0px||false|false&#8220; saved_tabs=&#8220;all&#8220; global_colors_info=&#8220;{}&#8220;][et_pb_row _builder_version=&#8220;4.16&#8243; background_size=&#8220;initial&#8220; background_position=&#8220;top_left&#8220; background_repeat=&#8220;repeat&#8220; width=&#8220;100%&#8220; custom_padding=&#8220;0px||0px||false|false&#8220; global_colors_info=&#8220;{}&#8220;][et_pb_column type=&#8220;4_4&#8243; _builder_version=&#8220;4.16&#8243; custom_padding=&#8220;|||&#8220; global_colors_info=&#8220;{}&#8220; custom_padding__hover=&#8220;|||&#8220;][et_pb_wc_breadcrumb _builder_version=&#8220;4.19.4&#8243; body_font=&#8220;|||on|||||&#8220; body_letter_spacing=&#8220;2px&#8220; global_colors_info=&#8220;{}&#8220;][\/et_pb_wc_breadcrumb][et_pb_wc_cart_notice _builder_version=&#8220;4.19.4&#8243; title_text_color=&#8220;#000000&#8243; title_line_height=&#8220;1em&#8220; error_text_color=&#8220;#000000&#8243; content_text_color=&#8220;#000000&#8243; background_color=&#8220;#ffd030&#8243; custom_button=&#8220;on&#8220; button_text_color=&#8220;#FFFFFF&#8220; button_bg_color=&#8220;#000000&#8243; global_colors_info=&#8220;{}&#8220;][\/et_pb_wc_cart_notice][\/et_pb_column][\/et_pb_row][et_pb_row column_structure=&#8220;1_2,1_2&#8243; _builder_version=&#8220;4.19.4&#8243; background_size=&#8220;initial&#8220; background_position=&#8220;top_left&#8220; background_repeat=&#8220;repeat&#8220; width=&#8220;100%&#8220; custom_padding=&#8220;0px||||false|false&#8220; global_colors_info=&#8220;{}&#8220;][et_pb_column type=&#8220;1_2&#8243; _builder_version=&#8220;4.16&#8243; custom_padding=&#8220;|||&#8220; global_colors_info=&#8220;{}&#8220; custom_padding__hover=&#8220;|||&#8220;][et_pb_wc_gallery _builder_version=&#8220;4.19.4&#8243; _module_preset=&#8220;default&#8220; min_height=&#8220;566px&#8220; min_height_tablet=&#8220;600px&#8220; min_height_phone=&#8220;367px&#8220; min_height_last_edited=&#8220;on|tablet&#8220; custom_margin=&#8220;||-1px|||&#8220; custom_padding=&#8220;|0px|18px|||&#8220; auto=&#8220;on&#8220; global_colors_info=&#8220;{}&#8220;][\/et_pb_wc_gallery][et_pb_video src=&#8220;https:\/\/www.youtube.com\/watch?v=n_XHMFmJs4M&#8220; _builder_version=&#8220;4.19.4&#8243; _module_preset=&#8220;default&#8220; global_colors_info=&#8220;{}&#8220;][\/et_pb_video][\/et_pb_column][et_pb_column type=&#8220;1_2&#8243; _builder_version=&#8220;4.16&#8243; custom_padding=&#8220;|||&#8220; global_colors_info=&#8220;{}&#8220; custom_padding__hover=&#8220;|||&#8220;][et_pb_wc_title _builder_version=&#8220;4.19.4&#8243; header_text_align=&#8220;left&#8220; custom_margin=&#8220;|||0px|false|false&#8220; custom_padding=&#8220;|||18px|false|false&#8220; border_color_all=&#8220;#EDF000&#8243; border_width_left=&#8220;6px&#8220; border_color_left=&#8220;#ffd030&#8243; global_colors_info=&#8220;{}&#8220; border_style_left__hover_enabled=&#8220;on|desktop&#8220;][\/et_pb_wc_title][et_pb_wc_price _builder_version=&#8220;4.19.4&#8243; body_text_color=&#8220;#000000&#8243; body_font_size=&#8220;20px&#8220; body_line_height=&#8220;1em&#8220; text_orientation=&#8220;left&#8220; custom_margin=&#8220;||13px|||&#8220; global_colors_info=&#8220;{}&#8220;][\/et_pb_wc_price][et_pb_wc_description _builder_version=&#8220;4.20.2&#8243; custom_margin=&#8220;||10px|||&#8220; global_colors_info=&#8220;{}&#8220;][\/et_pb_wc_description][et_pb_divider color=&#8220;#cecece&#8220; divider_position=&#8220;bottom&#8220; divider_weight=&#8220;1px&#8220; _builder_version=&#8220;4.19.4&#8243; _module_preset=&#8220;default&#8220; global_colors_info=&#8220;{}&#8220;][\/et_pb_divider][et_pb_accordion _builder_version=&#8220;4.19.4&#8243; _module_preset=&#8220;default&#8220; border_color_top=&#8220;#000000&#8243; global_colors_info=&#8220;{}&#8220;][\/et_pb_accordion][et_pb_wc_add_to_cart field_label_position=&#8220;inline&#8220; _builder_version=&#8220;4.19.4&#8243; fields_background_color=&#8220;#FFFFFF&#8220; fields_text_color=&#8220;#000000&#8243; fields_custom_margin=&#8220;0px|||0px|false|false&#8220; fields_custom_padding=&#8220;0px|||0px|false|false&#8220; field_label_font=&#8220;|||on|||||&#8220; field_label_text_align=&#8220;left&#8220; field_label_font_size=&#8220;15px&#8220; fields_font=&#8220;Lato||||||||&#8220; fields_font_size=&#8220;14px&#8220; fields_line_height=&#8220;1.1em&#8220; custom_button=&#8220;on&#8220; button_text_size=&#8220;15px&#8220; button_text_color=&#8220;#000000&#8243; button_bg_color=&#8220;#ffd030&#8243; button_border_width=&#8220;9px&#8220; button_border_color=&#8220;#ffd030&#8243; button_letter_spacing=&#8220;3px&#8220; button_font=&#8220;|||on|||||&#8220; button_icon=&#8220;&#x4c;||divi||400&#8243; button_icon_color=&#8220;#FFFFFF&#8220; custom_margin=&#8220;-7px||0px|1px|false|false&#8220; custom_padding=&#8220;0px||0px||false|false&#8220; border_radii_fields=&#8220;on|0px|0px|0px|0px&#8220; border_width_all_fields=&#8220;1px&#8220; global_colors_info=&#8220;{}&#8220;][\/et_pb_wc_add_to_cart][et_pb_wc_meta show_categories=&#8220;off&#8220; show_tags=&#8220;off&#8220; _builder_version=&#8220;4.19.4&#8243; global_colors_info=&#8220;{}&#8220;][\/et_pb_wc_meta][\/et_pb_column][\/et_pb_row][et_pb_row column_structure=&#8220;2_5,3_5&#8243; _builder_version=&#8220;4.19.4&#8243; _module_preset=&#8220;default&#8220; width=&#8220;100%&#8220; custom_margin=&#8220;114px|auto||auto||&#8220; custom_margin_tablet=&#8220;0px||||false|false&#8220; custom_margin_phone=&#8220;0px||||false|false&#8220; custom_margin_last_edited=&#8220;on|phone&#8220; custom_padding=&#8220;||1px|||&#8220; global_colors_info=&#8220;{}&#8220;][et_pb_column type=&#8220;2_5&#8243; _builder_version=&#8220;4.19.4&#8243; _module_preset=&#8220;default&#8220; global_colors_info=&#8220;{}&#8220;][et_pb_text _builder_version=&#8220;4.19.4&#8243; _module_preset=&#8220;default&#8220; custom_margin=&#8220;-2px||-2px||false|false&#8220; custom_margin_tablet=&#8220;0px||-2px||false|false&#8220; custom_margin_phone=&#8220;0px||-2px||false|false&#8220; custom_margin_last_edited=&#8220;off|desktop&#8220; custom_padding=&#8220;0px||0px|16px|false|false&#8220; border_width_left=&#8220;5px&#8220; border_color_left=&#8220;#ffd030&#8243; global_colors_info=&#8220;{}&#8220;]<\/p>\n<p><strong>Der wichtigste Kontaktpunkt zwischen Mensch und Maschine<\/strong><\/p>\n<p>[\/et_pb_text][et_pb_divider show_divider=&#8220;off&#8220; _builder_version=&#8220;4.19.4&#8243; _module_preset=&#8220;default&#8220; global_colors_info=&#8220;{}&#8220;][\/et_pb_divider][et_pb_text _builder_version=&#8220;4.20.2&#8243; _module_preset=&#8220;default&#8220; custom_margin=&#8220;0px||||false|false&#8220; custom_padding=&#8220;0px||||false|false&#8220; global_colors_info=&#8220;{}&#8220;]<\/p>\n<p style=\"font-weight: 400;\">Der SteFly Kn\u00fcppelgriff wurde urspr\u00fcnglich f\u00fcr die intuitive Bedienung von XC-Soar entwickelt. Er ist aber auch in einer Version nur mit Funkknopf (PTT) erh\u00e4ltlich. Der robuste Funkknopf mit verchromter, kratzfester Oberfl\u00e4che ist in eine gefr\u00e4ste CFK-Platte eingelassen. Erg\u00e4nzt wird er durch einen kleinen Taster f\u00fcr den Zeigefinger zur Sollfahrumschaltung.\u00a0Durch die ergonomische Form liegt der Kn\u00fcppel sehr gut in der Hand. <strong>Strapazierf\u00e4higes<\/strong> schwarzes Leder, das ebenfalls f\u00fcr Lenkr\u00e4der im Premium-Automobilbau eingesetzt wird, verleiht dem Kn\u00fcppelgriff in Kombination mit einer markanten Ziernaht ein elegantes Erscheinungsbild. Bei der Garnfarbe der Ziernaht stehen <strong>sechs Farben<\/strong> standardm\u00e4\u00dfig zur Auswahl. Weitere individuelle Sonderfarben k\u00f6nnen wir auf Anfrage realisieren.<\/p>\n<p>[\/et_pb_text][\/et_pb_column][et_pb_column type=&#8220;3_5&#8243; _builder_version=&#8220;4.19.4&#8243; _module_preset=&#8220;default&#8220; global_colors_info=&#8220;{}&#8220;][et_pb_image src=&#8220;https:\/\/www.stefly.aero\/wp-content\/uploads\/2017\/09\/remote-stick-special-colors.jpg&#8220; title_text=&#8220;remote stick special colors&#8220; _builder_version=&#8220;4.19.4&#8243; _module_preset=&#8220;default&#8220; width=&#8220;100%&#8220; global_colors_info=&#8220;{}&#8220;][\/et_pb_image][\/et_pb_column][\/et_pb_row][\/et_pb_section][et_pb_section fb_built=&#8220;1&#8243; _builder_version=&#8220;4.19.4&#8243; _module_preset=&#8220;default&#8220; custom_margin=&#8220;0px||||false|false&#8220; custom_margin_tablet=&#8220;-60px||||false|false&#8220; custom_margin_phone=&#8220;-60px||||false|false&#8220; custom_margin_last_edited=&#8220;on|tablet&#8220; global_colors_info=&#8220;{}&#8220;][et_pb_row _builder_version=&#8220;4.19.4&#8243; _module_preset=&#8220;default&#8220; custom_padding=&#8220;16px|||||&#8220; global_colors_info=&#8220;{}&#8220;][et_pb_column type=&#8220;4_4&#8243; _builder_version=&#8220;4.19.4&#8243; _module_preset=&#8220;default&#8220; global_colors_info=&#8220;{}&#8220;][et_pb_text _builder_version=&#8220;4.19.4&#8243; _module_preset=&#8220;default&#8220; custom_margin=&#8220;0px||-15px||false|false&#8220; custom_margin_tablet=&#8220;0px||-15px||false|false&#8220; custom_margin_phone=&#8220;0px||-15px||false|false&#8220; custom_margin_last_edited=&#8220;off|desktop&#8220; custom_padding=&#8220;0px||0px|16px|false|false&#8220; border_width_left=&#8220;5px&#8220; border_color_left=&#8220;#ffd030&#8243; global_colors_info=&#8220;{}&#8220;]<\/p>\n<h3><b>LIEFERUMFANG<\/b><\/h3>\n<p>[\/et_pb_text][et_pb_divider show_divider=&#8220;off&#8220; _builder_version=&#8220;4.19.4&#8243; _module_preset=&#8220;default&#8220; global_colors_info=&#8220;{}&#8220;][\/et_pb_divider][et_pb_text _builder_version=&#8220;4.20.2&#8243; _module_preset=&#8220;default&#8220; global_colors_info=&#8220;{}&#8220;]<\/p>\n<ul>\n<li>komplett montierter Kn\u00fcppelgriff mit eingebautem PTT-Knopf und\u00a0Taster zur Vario-Sollfahrt-Umschaltung<\/li>\n<li>Standard-Garnfarben der Ziernaht: schwarz, rot, blau, grau, orange, pastellgr\u00fcn<\/li>\n<li>eingeklebtes Aluminium Insert mit einem Innendurchmesser von wahlweise:\u00a018,2 mm; 19,3 mm; 20,1 mm; 22,2 mm; 24,3 mm<\/li>\n<li>hochwertige, Luftfahrt-TEFZEL-Kabel; sind bereits an die Schalter gel\u00f6tet (Kabell\u00e4nge je 2,5 m)<\/li>\n<li>3 x M3 Schrauben zur Befestigung des Kn\u00fcppels am Steuerrohr<\/li>\n<\/ul>\n<p><span style=\"font-size: 15px;\">Weitere Sonderanfertigungen bez\u00fcglich Kn\u00fcppel-Innendurchmesser und Garnfarbe sind m\u00f6glich. Details bitte vor einer Bestellung per eMail abkl\u00e4ren.<\/span><\/p>\n<p><em>Der Kn\u00fcppelgriff besitzt keine luftfahrttechnische Zulassung! Wir \u00fcbernehmen keine Haftung f\u00fcr Folgesch\u00e4den, welche durch die Benutzung des Kn\u00fcppelgriffs in einem Luftfahrzeug oder anderen Applikationen entstehen k\u00f6nnen. Der Kn\u00fcppelgriff darf nicht am Kopf gehalten werden.<\/em><\/p>\n<p>[\/et_pb_text][\/et_pb_column][\/et_pb_row][\/et_pb_section]<\/p>\n","protected":false},"excerpt":{"rendered":"<p>Der SteFly-Kn\u00fcppelgriff nur mit robustem PTT-Knopf und Sollfahrtumschalter<\/p>\n<ul>\n<li>extra kurzer Spezialkn\u00fcppel passend f\u00fcr die LS1f (Durchmesser des Steuerrohrs \u00fcblicherweise 20,1 mm)<\/li>\n<li>CFK-Frontplatte ist sehr flach am Kn\u00fcppelende angeordnet<\/li>\n<li>robuster PTT-Knopf mit verchromter, kratzfester Oberfl\u00e4che<\/li>\n<li>durch die geringe L\u00e4nge des Kn\u00fcppels von nur 106 mm st\u00f6\u00dft er bei maximalen Ruderausschl\u00e4gen bei der LS1f nicht an den Instrumentenpilz<\/li>\n<li>auch geeignet f\u00fcr andere Flugzeugmuster mit geringem Freiraum zwischen Kn\u00fcppel und Instrumentenpilz<\/li>\n<li>ergonomic shape of the stick<\/li>\n<li>covered with durable premium steering wheel leather<\/li>\n<li>Garnfarbe: schwarz, rot, blau, grau, orange und pastellgr\u00fcn, weitere Spezialfarben bitte vorab per E-Mail anfragen<\/li>\n<\/ul>\n<p><em>Messschieber nicht im Lieferumfang enthalten!<\/em><\/p>","protected":false},"featured_media":12739,"template":"","meta":{"_et_pb_use_builder":"on","_et_pb_old_content":"[embed]https:\/\/www.youtube.com\/watch?v=n_XHMFmJs4M[\/embed]\r\n\r\nWeitere Sonderanfertigungen bez\u00fcglich Kn\u00fcppelinnendurchmesser und Garnfarbe m\u00f6glich. Details bitte vor einer Bestellung per eMail abkl\u00e4ren.\r\n\r\n<em>Der Kn\u00fcppelgriff besitzt keine luftfahrttechnische Zulassung! Wir \u00fcbernehmen keine Haftung f\u00fcr Folgesch\u00e4den, welche durch die Benutzung des Kn\u00fcppelgriffs in einem Luftfahrzeug oder anderen Applikationen entstehen k\u00f6nnen. Der Kn\u00fcppelgriff darf nicht am Kopf gehalten werden. <\/em>","_et_gb_content_width":"","_exactmetrics_skip_tracking":false,"_exactmetrics_sitenote_active":false,"_exactmetrics_sitenote_note":"","_exactmetrics_sitenote_category":0},"product_brand":[],"product_cat":[116],"product_tag":[],"class_list":{"0":"post-12724","1":"product","2":"type-product","3":"status-publish","4":"has-post-thumbnail","6":"product_cat-knueppelgriff","7":"product_shipping_class-standard-parcel","9":"first","10":"instock","11":"taxable","12":"shipping-taxable","13":"purchasable","14":"product-type-variable"},"_links":{"self":[{"href":"https:\/\/www.stefly.aero\/en\/wp-json\/wp\/v2\/product\/12724","targetHints":{"allow":["GET"]}}],"collection":[{"href":"https:\/\/www.stefly.aero\/en\/wp-json\/wp\/v2\/product"}],"about":[{"href":"https:\/\/www.stefly.aero\/en\/wp-json\/wp\/v2\/types\/product"}],"wp:featuredmedia":[{"embeddable":true,"href":"https:\/\/www.stefly.aero\/en\/wp-json\/wp\/v2\/media\/12739"}],"wp:attachment":[{"href":"https:\/\/www.stefly.aero\/en\/wp-json\/wp\/v2\/media?parent=12724"}],"wp:term":[{"taxonomy":"product_brand","embeddable":true,"href":"https:\/\/www.stefly.aero\/en\/wp-json\/wp\/v2\/product_brand?post=12724"},{"taxonomy":"product_cat","embeddable":true,"href":"https:\/\/www.stefly.aero\/en\/wp-json\/wp\/v2\/product_cat?post=12724"},{"taxonomy":"product_tag","embeddable":true,"href":"https:\/\/www.stefly.aero\/en\/wp-json\/wp\/v2\/product_tag?post=12724"}],"curies":[{"name":"wp","href":"https:\/\/api.w.org\/{rel}","templated":true}]}}