{"id":10713,"date":"2022-02-24T13:20:58","date_gmt":"2022-02-24T12:20:58","guid":{"rendered":"https:\/\/www.stefly.aero\/?post_type=product&#038;p=10713"},"modified":"2024-10-30T16:51:35","modified_gmt":"2024-10-30T15:51:35","slug":"57-openvario","status":"publish","type":"product","link":"https:\/\/www.stefly.aero\/en\/product\/57-openvario\/","title":{"rendered":"5,7&#8243; OpenVario"},"content":{"rendered":"<p>[et_pb_section fb_built=&#8220;1&#8243; _builder_version=&#8220;4.16&#8243; custom_padding=&#8220;0px||0px||false|false&#8220; saved_tabs=&#8220;all&#8220; global_colors_info=&#8220;{}&#8220;][et_pb_row _builder_version=&#8220;4.16&#8243; background_size=&#8220;initial&#8220; background_position=&#8220;top_left&#8220; background_repeat=&#8220;repeat&#8220; width=&#8220;100%&#8220; custom_padding=&#8220;0px||0px||false|false&#8220; global_colors_info=&#8220;{}&#8220;][et_pb_column type=&#8220;4_4&#8243; _builder_version=&#8220;4.16&#8243; custom_padding=&#8220;|||&#8220; global_colors_info=&#8220;{}&#8220; custom_padding__hover=&#8220;|||&#8220;][et_pb_wc_breadcrumb _builder_version=&#8220;4.19.4&#8243; body_font=&#8220;|||on|||||&#8220; body_letter_spacing=&#8220;2px&#8220; global_colors_info=&#8220;{}&#8220;][\/et_pb_wc_breadcrumb][et_pb_wc_cart_notice _builder_version=&#8220;4.19.4&#8243; title_text_color=&#8220;#000000&#8243; title_line_height=&#8220;1em&#8220; error_text_color=&#8220;#000000&#8243; content_text_color=&#8220;#000000&#8243; background_color=&#8220;#ffd030&#8243; custom_button=&#8220;on&#8220; button_text_color=&#8220;#FFFFFF&#8220; button_bg_color=&#8220;#000000&#8243; global_colors_info=&#8220;{}&#8220;][\/et_pb_wc_cart_notice][\/et_pb_column][\/et_pb_row][et_pb_row column_structure=&#8220;1_2,1_2&#8243; _builder_version=&#8220;4.19.4&#8243; background_size=&#8220;initial&#8220; background_position=&#8220;top_left&#8220; background_repeat=&#8220;repeat&#8220; width=&#8220;100%&#8220; custom_padding=&#8220;0px||||false|false&#8220; global_colors_info=&#8220;{}&#8220;][et_pb_column type=&#8220;1_2&#8243; _builder_version=&#8220;4.16&#8243; custom_padding=&#8220;|||&#8220; global_colors_info=&#8220;{}&#8220; custom_padding__hover=&#8220;|||&#8220;][et_pb_wc_gallery _builder_version=&#8220;4.19.4&#8243; _module_preset=&#8220;default&#8220; min_height=&#8220;566px&#8220; min_height_tablet=&#8220;600px&#8220; min_height_phone=&#8220;367px&#8220; min_height_last_edited=&#8220;on|tablet&#8220; custom_margin=&#8220;||-1px|||&#8220; custom_padding=&#8220;|0px|18px|||&#8220; auto=&#8220;on&#8220; global_colors_info=&#8220;{}&#8220;][\/et_pb_wc_gallery][\/et_pb_column][et_pb_column type=&#8220;1_2&#8243; _builder_version=&#8220;4.16&#8243; custom_padding=&#8220;|||&#8220; global_colors_info=&#8220;{}&#8220; custom_padding__hover=&#8220;|||&#8220;][et_pb_wc_title _builder_version=&#8220;4.19.4&#8243; header_text_align=&#8220;left&#8220; custom_margin=&#8220;|||0px|false|false&#8220; custom_padding=&#8220;|||18px|false|false&#8220; border_color_all=&#8220;#EDF000&#8243; border_width_left=&#8220;6px&#8220; border_color_left=&#8220;#ffd030&#8243; global_colors_info=&#8220;{}&#8220; border_style_left__hover_enabled=&#8220;on|desktop&#8220;][\/et_pb_wc_title][et_pb_wc_price _builder_version=&#8220;4.19.4&#8243; body_text_color=&#8220;#000000&#8243; body_font_size=&#8220;20px&#8220; body_line_height=&#8220;1em&#8220; text_orientation=&#8220;left&#8220; custom_margin=&#8220;||13px|||&#8220; global_colors_info=&#8220;{}&#8220;][\/et_pb_wc_price][et_pb_wc_description _builder_version=&#8220;4.16&#8243; custom_margin=&#8220;||10px|||&#8220; global_colors_info=&#8220;{}&#8220;][\/et_pb_wc_description][et_pb_divider color=&#8220;#cecece&#8220; divider_position=&#8220;bottom&#8220; divider_weight=&#8220;1px&#8220; _builder_version=&#8220;4.19.4&#8243; _module_preset=&#8220;default&#8220; global_colors_info=&#8220;{}&#8220;][\/et_pb_divider][et_pb_accordion _builder_version=&#8220;4.19.4&#8243; _module_preset=&#8220;default&#8220; border_color_top=&#8220;#000000&#8243; global_colors_info=&#8220;{}&#8220;][\/et_pb_accordion][et_pb_wc_add_to_cart field_label_position=&#8220;inline&#8220; _builder_version=&#8220;4.19.4&#8243; fields_background_color=&#8220;#FFFFFF&#8220; fields_text_color=&#8220;#000000&#8243; fields_custom_margin=&#8220;0px|||0px|false|false&#8220; fields_custom_padding=&#8220;0px|||0px|false|false&#8220; field_label_font=&#8220;|||on|||||&#8220; field_label_text_align=&#8220;left&#8220; field_label_font_size=&#8220;15px&#8220; fields_font=&#8220;Lato||||||||&#8220; fields_font_size=&#8220;14px&#8220; fields_line_height=&#8220;1.1em&#8220; custom_button=&#8220;on&#8220; button_text_size=&#8220;15px&#8220; button_text_color=&#8220;#000000&#8243; button_bg_color=&#8220;#ffd030&#8243; button_border_width=&#8220;9px&#8220; button_border_color=&#8220;#ffd030&#8243; button_letter_spacing=&#8220;3px&#8220; button_font=&#8220;|||on|||||&#8220; button_icon=&#8220;&#x4c;||divi||400&#8243; button_icon_color=&#8220;#FFFFFF&#8220; custom_margin=&#8220;-7px||0px|1px|false|false&#8220; custom_padding=&#8220;0px||0px||false|false&#8220; border_radii_fields=&#8220;on|0px|0px|0px|0px&#8220; border_width_all_fields=&#8220;1px&#8220; global_colors_info=&#8220;{}&#8220;][\/et_pb_wc_add_to_cart][et_pb_wc_meta show_categories=&#8220;off&#8220; show_tags=&#8220;off&#8220; _builder_version=&#8220;4.19.4&#8243; global_colors_info=&#8220;{}&#8220;][\/et_pb_wc_meta][\/et_pb_column][\/et_pb_row][et_pb_row column_structure=&#8220;2_5,3_5&#8243; _builder_version=&#8220;4.19.4&#8243; _module_preset=&#8220;default&#8220; width=&#8220;100%&#8220; custom_margin=&#8220;114px|auto||auto||&#8220; custom_margin_tablet=&#8220;0px||||false|false&#8220; custom_margin_phone=&#8220;0px||||false|false&#8220; custom_margin_last_edited=&#8220;on|phone&#8220; custom_padding=&#8220;||1px|||&#8220; global_colors_info=&#8220;{}&#8220;][et_pb_column type=&#8220;2_5&#8243; _builder_version=&#8220;4.19.4&#8243; _module_preset=&#8220;default&#8220; global_colors_info=&#8220;{}&#8220;][et_pb_text _builder_version=&#8220;4.19.4&#8243; _module_preset=&#8220;default&#8220; custom_margin=&#8220;-2px||-2px||false|false&#8220; custom_margin_tablet=&#8220;0px||-2px||false|false&#8220; custom_margin_phone=&#8220;0px||-2px||false|false&#8220; custom_margin_last_edited=&#8220;off|desktop&#8220; custom_padding=&#8220;0px||0px|16px|false|false&#8220; border_width_left=&#8220;5px&#8220; border_color_left=&#8220;#ffd030&#8243; global_colors_info=&#8220;{}&#8220;]<\/p>\n<p><strong>Der moderne Segelflugrechner zum vern\u00fcnftigen Preis &#8211; fix und fertig<\/strong><\/p>\n<p>[\/et_pb_text][et_pb_divider show_divider=&#8220;off&#8220; _builder_version=&#8220;4.19.4&#8243; _module_preset=&#8220;default&#8220; global_colors_info=&#8220;{}&#8220;][\/et_pb_divider][et_pb_text _builder_version=&#8220;4.19.4&#8243; _module_preset=&#8220;default&#8220; custom_margin=&#8220;0px||||false|false&#8220; custom_padding=&#8220;0px||||false|false&#8220; global_colors_info=&#8220;{}&#8220;]<\/p>\n<p style=\"font-weight: 400;\">Der urspr\u00fcngliche Gedanke des SteFly OpenVario war es eigentlich, einen Bausatz f\u00fcr einen modernen Segelflugrechner mit XC Soar anzubieten. Doch f\u00fcr alle Piloten, die sich lieber auf das Fliegen konzentrieren und f\u00fcr die es wichtiger ist ein Ger\u00e4t zu bedienen als es zusammenzubauen, bieten wir ab sofort das SteFly OpenVario schon komplett montiert und getestet an. Die SD-Karte ist bereits mit dem neuesten Version von XC-Soar bespielt.\u00a0<\/p>\n<p>[\/et_pb_text][\/et_pb_column][et_pb_column type=&#8220;3_5&#8243; _builder_version=&#8220;4.19.4&#8243; _module_preset=&#8220;default&#8220; global_colors_info=&#8220;{}&#8220;][et_pb_image src=&#8220;https:\/\/www.stefly.aero\/wp-content\/uploads\/2014\/09\/57_OV_installed2.jpg&#8220; title_text=&#8220;5,7%22 OpenVario SteFly&#8220; _builder_version=&#8220;4.19.4&#8243; _module_preset=&#8220;default&#8220; width=&#8220;100%&#8220; global_colors_info=&#8220;{}&#8220;][\/et_pb_image][\/et_pb_column][\/et_pb_row][\/et_pb_section][et_pb_section fb_built=&#8220;1&#8243; _builder_version=&#8220;4.19.4&#8243; _module_preset=&#8220;default&#8220; custom_padding=&#8220;||0px||false|false&#8220; global_colors_info=&#8220;{}&#8220;][et_pb_row _builder_version=&#8220;4.19.4&#8243; _module_preset=&#8220;default&#8220; width=&#8220;100%&#8220; global_colors_info=&#8220;{}&#8220;][et_pb_column type=&#8220;4_4&#8243; _builder_version=&#8220;4.19.4&#8243; _module_preset=&#8220;default&#8220; global_colors_info=&#8220;{}&#8220;][et_pb_wc_tabs include_tabs=&#8220;description|&#8220; _builder_version=&#8220;4.19.4&#8243; _module_preset=&#8220;default&#8220; tab_font=&#8220;|300||on|||||&#8220; tab_font_size=&#8220;20px&#8220; border_width_all=&#8220;0px&#8220; border_width_left=&#8220;4px&#8220; border_color_left=&#8220;#ffd02f&#8220; global_colors_info=&#8220;{}&#8220;][\/et_pb_wc_tabs][\/et_pb_column][\/et_pb_row][\/et_pb_section]<\/p>\n","protected":false},"excerpt":{"rendered":"<p>5,7\u2033 OpenVario Komplettger\u00e4t. <strong>F\u00fcr die Bedienung wird noch mindestens ein <a href=\"https:\/\/www.stefly.aero\/en\/product-category\/openvario\/eingabegeraete\/\">Input Device<\/a> ben\u00f6tigt<\/strong>. Durch den Einbau der optional erh\u00e4ltlichen <a href=\"https:\/\/www.stefly.aero\/en\/product\/drucksensor-einheit\/\">Sensor Board<\/a> , the OpenVario works as a full electronic variometer as well.<\/p>\n<ul>\n<li>komplett montiertes und getestetes OpenVario im eloxierten Aluminiumgeh\u00e4use<\/li>\n<li>wahlweise D-Sub 15 Stecker zum selber anl\u00f6ten der Stromkabel und des Lautsprechers (in diesem Fall sind <a href=\"https:\/\/www.stefly.aero\/en\/product-category\/elektrik-verkabelung\/luftfahrt-kabel\/\">aviation wire<\/a> and speaker not included)<\/li>\n<li>oder optional inkl. Kabelbaum mit angeschlossenem Lautsprecher<\/li>\n<li>4GB Micro SD card with adapter<\/li>\n<\/ul>","protected":false},"featured_media":2417,"template":"","meta":{"_et_pb_use_builder":"on","_et_pb_old_content":"Fertig montiertes und getestetes OpenVario.\r\n\r\n<strong><u>Technische Daten<\/u><\/strong>\r\n<strong>Display:<\/strong> 5,7'', Aufl\u00f6sung 640 x 480 px\r\n<strong>Displayhelligkeit:<\/strong> 900 cd\/m\u00b2\r\n<strong>CPU:<\/strong> DualCore 1,2 GHz\r\n<strong>Spannungseingangsbereich:<\/strong> 9 bis 16 V\r\n<strong>Stromverbrauch:<\/strong> 275 mA @ 12,9 V\r\n<strong>Schnittstellen:<\/strong> 3 serielle Schnittstellen z.B. f\u00fcr Anschluss von Flarm, Funkger\u00e4t oder externem Vario (2 x RJ45 IGC-Pin-Belegung, 1 x D-Sub 15 polig)\r\n<strong>USB:<\/strong> 2 USB-A Ports, erweiterbar mit USB-Hub\r\n<strong>Einsatztemperatur:<\/strong> -30\u00b0C bis +60\u00b0C\r\n<strong>Abmessungen:<\/strong>\u00a0132,0 x 103,4 x 85 mm; Zeichnung f\u00fcr Panelausschnitt siehe unten\r\n<strong>Gewicht:<\/strong> 450 g\r\n<strong>Material:<\/strong> R\u00fcckgeh\u00e4use, Displayrahmen und Displayr\u00fcckplatte aus schwarz eloxiertem Aluminium\r\n<strong>externe Sicherung:<\/strong> 3A\r\n<strong>empfohlenes Zubeh\u00f6r:<\/strong> <a href=\"https:\/\/www.stefly.aero\/product\/usb-einbaubuchse-set\/\">USB-Einbaubuchse<\/a> f\u00fcr schnelle Updates und Ein-\/ Ausschalter im Instrumentenpanel\r\n\r\n<img class=\"alignnone size-full wp-image-4930\" src=\"https:\/\/www.stefly.aero\/wp-content\/uploads\/2019\/02\/Cutout_57_OV.jpg\" alt=\"\" width=\"500\" height=\"576\" \/>","_et_gb_content_width":"","_exactmetrics_skip_tracking":false,"_exactmetrics_sitenote_active":false,"_exactmetrics_sitenote_note":"","_exactmetrics_sitenote_category":0},"product_brand":[],"product_cat":[426],"product_tag":[],"class_list":{"0":"post-10713","1":"product","2":"type-product","3":"status-publish","4":"has-post-thumbnail","6":"product_cat-ausverkauft","7":"product_shipping_class-standard-parcel","9":"first","10":"outofstock","11":"taxable","12":"shipping-taxable","13":"purchasable","14":"product-type-variable"},"_links":{"self":[{"href":"https:\/\/www.stefly.aero\/en\/wp-json\/wp\/v2\/product\/10713","targetHints":{"allow":["GET"]}}],"collection":[{"href":"https:\/\/www.stefly.aero\/en\/wp-json\/wp\/v2\/product"}],"about":[{"href":"https:\/\/www.stefly.aero\/en\/wp-json\/wp\/v2\/types\/product"}],"wp:featuredmedia":[{"embeddable":true,"href":"https:\/\/www.stefly.aero\/en\/wp-json\/wp\/v2\/media\/2417"}],"wp:attachment":[{"href":"https:\/\/www.stefly.aero\/en\/wp-json\/wp\/v2\/media?parent=10713"}],"wp:term":[{"taxonomy":"product_brand","embeddable":true,"href":"https:\/\/www.stefly.aero\/en\/wp-json\/wp\/v2\/product_brand?post=10713"},{"taxonomy":"product_cat","embeddable":true,"href":"https:\/\/www.stefly.aero\/en\/wp-json\/wp\/v2\/product_cat?post=10713"},{"taxonomy":"product_tag","embeddable":true,"href":"https:\/\/www.stefly.aero\/en\/wp-json\/wp\/v2\/product_tag?post=10713"}],"curies":[{"name":"wp","href":"https:\/\/api.w.org\/{rel}","templated":true}]}}