{"id":594,"date":"2014-07-05T14:23:07","date_gmt":"2014-07-05T12:23:07","guid":{"rendered":"http:\/\/104.131.255.213\/specular\/default\/?page_id=594"},"modified":"2026-03-11T10:53:48","modified_gmt":"2026-03-11T09:53:48","slug":"software_first_steps","status":"publish","type":"page","link":"https:\/\/www.stefly.aero\/en\/tutorials\/software_first_steps\/","title":{"rendered":"OpenVario Software"},"content":{"rendered":"<p>[et_pb_section fb_built=&#8220;1&#8243; _builder_version=&#8220;4.19.4&#8243; _module_preset=&#8220;default&#8220; custom_padding=&#8220;0px||||false|false&#8220; global_colors_info=&#8220;{}&#8220;][et_pb_row _builder_version=&#8220;4.16&#8243; _module_preset=&#8220;default&#8220; global_colors_info=&#8220;{}&#8220;][et_pb_column type=&#8220;4_4&#8243; _builder_version=&#8220;4.16&#8243; _module_preset=&#8220;default&#8220; global_colors_info=&#8220;{}&#8220;][et_pb_text _builder_version=&#8220;4.21.0&#8243; _module_preset=&#8220;default&#8220; global_colors_info=&#8220;{}&#8220;]<\/p>\n<h1>Software des OpenVario Segelflugrechners<\/h1>\n<p>[\/et_pb_text][et_pb_text _builder_version=&#8220;4.27.4&#8243; _module_preset=&#8220;default&#8220; global_colors_info=&#8220;{}&#8220;]<\/p>\n<h3>Micro-SD-Karte vorbereiten<\/h3>\n<p>Bevor der OpenVario-Segelflugrechner eingesetzt werden kann muss das Linux Image auf die SD-Karte geladen werden. Dieses Image beinhaltet das Linux Betriebssystem, die Display-Einstellungen und XCSoar. Ohne dies SD-Karte w\u00fcrde das OpenVario nicht hochfahren. Eine einmal bespielte SD-Karte l\u00e4sst sich mit dem im folgenden beschriebenen Vorgang immer wieder neu bespielen. Wir empfehlen eine SD-Kartengr\u00f6\u00dfe von 4 GB.<\/p>\n<p>[\/et_pb_text][\/et_pb_column][\/et_pb_row][et_pb_row column_structure=&#8220;1_2,1_2&#8243; _builder_version=&#8220;4.16&#8243; _module_preset=&#8220;default&#8220; global_colors_info=&#8220;{}&#8220;][et_pb_column type=&#8220;1_2&#8243; _builder_version=&#8220;4.16&#8243; _module_preset=&#8220;default&#8220; global_colors_info=&#8220;{}&#8220;][et_pb_text _builder_version=&#8220;4.27.4&#8243; _module_preset=&#8220;default&#8220; global_colors_info=&#8220;{}&#8220;]<\/p>\n<p><span><strong>Wie l\u00e4dt man das Image auf die SD-Karte?<\/strong><\/span><\/p>\n<ol>\n<li>Lade das Programm<span>\u00a0<\/span><a href=\"https:\/\/www.balena.io\/etcher\/\">balenaEtcher<\/a> herunter.<\/li>\n<li>Lade das OpenVario image von der <a href=\"https:\/\/github.com\/Openvario\/meta-openvario\/releases\">offiziellen Github-Seite<\/a><span style=\"font-size: 15px;\"><\/span><\/li>\n<ul>\n<li>F\u00fcr jede Displaygr\u00f6\u00dfe gibt es ein eigenes Image. Die Displaygr\u00f6\u00dfe ist im Dateinamen vermerkt:<\/li>\n<li>F\u00fcr das 5.7\u2033 OpenVario von SteFly nutze bitte die Image-Datei \u201e\u2026-openvario-57-lvds.rootfs.img.gz\u201c. <a href=\"https:\/\/github.com\/Openvario\/meta-openvario\/releases\/download\/22304\/OpenVario-linux-openvario-image-glibc-ipk-22304-openvario-57-lvds.rootfs.img.gz\">Image 22304<\/a><\/li>\n<li>F\u00fcr das 7\u2033 OpenVario von SteFly nutze bitte die Image-Datei \u201e\u2026-openvario-7-CH070.rootfs.img.gz\u201c. <a href=\"https:\/\/github.com\/Openvario\/meta-openvario\/releases\/download\/22304\/OpenVario-linux-openvario-image-glibc-ipk-22304-openvario-7-CH070.rootfs.img.gz\">Image 22304<\/a><\/li>\n<\/ul>\n<li>Starte balena Etcher.<\/li>\n<li>Klicke auf \u201eFlash from file\u201c und w\u00e4hle die heruntergeladene OpenVario-Image-Datei aus. Die Datei muss nicht manuell entzippt werden. Diesen Schritt \u00fcbernimmt Etcher.<\/li>\n<li>W\u00e4hle unbedingt die richtige SD-Karte aus! Es werden im n\u00e4chsten Schritt alle Dateien unwiderruflich von der SD-Karte gel\u00f6scht!<\/li>\n<li>Dr\u00fccke auf \u201eFlash!\u201c und warte, bis der Vorgang beendet wurde.<\/li>\n<li>Jetzt kann die Micro-SD-Karte in das OpenVario gesteckt und anschlie\u00dfend eingeschaltet werden!<\/li>\n<\/ol>\n<p>[\/et_pb_text][\/et_pb_column][et_pb_column type=&#8220;1_2&#8243; _builder_version=&#8220;4.16&#8243; _module_preset=&#8220;default&#8220; global_colors_info=&#8220;{}&#8220;][et_pb_image src=&#8220;https:\/\/www.stefly.aero\/wp-content\/uploads\/2021\/01\/balenaEtcher.jpg&#8220; title_text=&#8220;balenaEtcher&#8220; _builder_version=&#8220;4.16&#8243; _module_preset=&#8220;default&#8220; global_colors_info=&#8220;{}&#8220;][\/et_pb_image][\/et_pb_column][\/et_pb_row][et_pb_row _builder_version=&#8220;4.16&#8243; _module_preset=&#8220;default&#8220; global_colors_info=&#8220;{}&#8220;][et_pb_column type=&#8220;4_4&#8243; _builder_version=&#8220;4.16&#8243; _module_preset=&#8220;default&#8220; global_colors_info=&#8220;{}&#8220;][et_pb_text _builder_version=&#8220;4.27.6&#8243; _module_preset=&#8220;default&#8220; hover_enabled=&#8220;0&#8243; global_colors_info=&#8220;{}&#8220; sticky_enabled=&#8220;0&#8243;]<\/p>\n<h3>Software \u00dcbersicht<\/h3>\n<p>Wenige Sekunden nach dem Einschalten des OpenVarios bzw. nachdem es mit Strom versorgt wurde sollte das Display aufleuchten und das OpenVario f\u00e4hrt hoch. XCSoar startet automatisch.<\/p>\n<p>Nach einem kurzen ersten Test von XCSoar k\u00f6nnen Anpassungen in der Software vorgenommen werden. Hierf\u00fcr schalte das OpenVario aus und fahre es erneut hoch. In das OV-Men\u00fc gelangt man, indem die \u201cESC\u201d-Taste (bzw. X) gedr\u00fcckt wird, w\u00e4hrend der Ladebalken beim Hochfahren angezeigt wird.<\/p>\n<p>Eine detaillierte Beschreibung des OpenVario Men\u00fcs gibt es im folgenden Video:<span>\u00a0<\/span><a href=\"http:\/\/www.openvario.org\/doku.php?id=projects:series_00:software:ov-menu\">OV-Menu<\/a><\/p>\n<p>Was sollte man alles einstellen?<\/p>\n<ul>\n<li>Displayorientierung<\/li>\n<li>Sprache (Englisch oder Deutsch)<\/li>\n<li>Sensorkalibrierung<\/li>\n<\/ul>\n<p>&nbsp;<\/p>\n<p>[\/et_pb_text][\/et_pb_column][\/et_pb_row][et_pb_row _builder_version=&#8220;4.27.6&#8243; _module_preset=&#8220;default&#8220; column_structure=&#8220;1_2,1_2&#8243; hover_enabled=&#8220;0&#8243; sticky_enabled=&#8220;0&#8243;][et_pb_column _builder_version=&#8220;4.27.6&#8243; _module_preset=&#8220;default&#8220; type=&#8220;1_2&#8243;][et_pb_text _builder_version=&#8220;4.27.6&#8243; _module_preset=&#8220;default&#8220; hover_enabled=&#8220;0&#8243; sticky_enabled=&#8220;0&#8243;]<\/p>\n<p>Dann sollten noch ein paar Dateien per USB-Stick \u00fcbertragen werden:<\/p>\n<ul>\n<li>Karten<\/li>\n<li>Wegpunkte<\/li>\n<li>Luftr\u00e4ume<\/li>\n<\/ul>\n<p>Hierzu muss der USB-Stick nach <span>\u00a0<\/span><strong>FAT32<\/strong> formatiert sein. Der USB-Stick ben\u00f6tigt eine besondere Struktur, um f\u00fcr das OpenVario gelesen werden zu k\u00f6nnen. Informationen zur Ordnerstruktur gibt es hier:<span>\u00a0<\/span><a href=\"http:\/\/www.openvario.org\/doku.php?id=projects:series_00:software:usb-stick\">OpenVario USB-Stick<\/a><\/p>\n<p>[\/et_pb_text][\/et_pb_column][et_pb_column _builder_version=&#8220;4.27.6&#8243; _module_preset=&#8220;default&#8220; type=&#8220;1_2&#8243;][et_pb_image src=&#8220;https:\/\/www.stefly.aero\/wp-content\/uploads\/2026\/03\/USB-stick-structure-OpenVario.png&#8220; _builder_version=&#8220;4.27.6&#8243; _module_preset=&#8220;default&#8220; alt=&#8220;USB stick structure OpenVario&#8220; title_text=&#8220;USB stick structure OpenVario&#8220; hover_enabled=&#8220;0&#8243; sticky_enabled=&#8220;0&#8243; width=&#8220;31%&#8220; module_alignment=&#8220;center&#8220;][\/et_pb_image][\/et_pb_column][\/et_pb_row][et_pb_row _builder_version=&#8220;4.27.6&#8243; _module_preset=&#8220;default&#8220; column_structure=&#8220;1_2,1_2&#8243;][et_pb_column _builder_version=&#8220;4.27.6&#8243; _module_preset=&#8220;default&#8220; type=&#8220;1_2&#8243;][et_pb_text _builder_version=&#8220;4.27.6&#8243; _module_preset=&#8220;default&#8220; hover_enabled=&#8220;0&#8243; sticky_enabled=&#8220;0&#8243;]<\/p>\n<p>Dann wird der USB Stick in das OpenVario gesteckt und das Ger\u00e4t eingeschaltet. W\u00e4hrend des Hochfahrens erscheint erst das OpenVario Logo und anschlie\u00dfend ein Countdown (Starting XCSoar \/ OpenSoar &#8230; ,Press ESC for menu). W\u00e4hrend der Countdown herunterz\u00e4hlt, die X Taste der Kn\u00fcppelfernbedienung oder des Rotary Moduls dr\u00fccken. Es \u00f6ffnet sich ein Men\u00fc. Hier dann zur Schaltfl\u00e4che &#8222;Upload&#8220; navigieren und okay dr\u00fccken. Nun k\u00f6nnen Daten transferiert werden. \u00a0<\/p>\n<p>[\/et_pb_text][\/et_pb_column][et_pb_column _builder_version=&#8220;4.27.6&#8243; _module_preset=&#8220;default&#8220; type=&#8220;1_2&#8243;][\/et_pb_column][\/et_pb_row][et_pb_row _builder_version=&#8220;4.16&#8243; _module_preset=&#8220;default&#8220; global_colors_info=&#8220;{}&#8220;][et_pb_column type=&#8220;4_4&#8243; _builder_version=&#8220;4.16&#8243; _module_preset=&#8220;default&#8220; global_colors_info=&#8220;{}&#8220;][et_pb_text _builder_version=&#8220;4.27.6&#8243; _module_preset=&#8220;default&#8220; hover_enabled=&#8220;0&#8243; global_colors_info=&#8220;{}&#8220; sticky_enabled=&#8220;0&#8243;]<\/p>\n<h3>OpenSoar<\/h3>\n<p>Wie auch auf dem neuen SteFly NAV ist es m\u00f6glich und wird auch empfohlen, von XCSoar auf OpenSoar upzugraden. OpenSoar ist eine Abspaltung \/ Fork von XCSoar und verf\u00fcgt \u00fcber einige Funktionen, die in XCSoar noch nicht umgesetzt sind. So lassen sich z.B. Kartneupdates einfacher aufspielen und der Speicherplatz auf der SD-Karte kann besser genutzt werden. Eine \u00dcbersicht \u00fcber die verschiedenen Versionen und die Software-Ver\u00f6ffentlichungen finden sich unter <a href=\"https:\/\/www.opensoar.de\/releases\/\" target=\"_blank\" rel=\"noopener\" title=\"OpenSoar.de\">opensoar.de<\/a>. Uwe Augustin, der Entwickler von OpenSoar, hat eine Anleitung erstellt, die wir an dieser Stelle gerne verlinken: <a href=\"https:\/\/opensoar.de\/releases\/v7.42.22\/OV-3.22.0\/OpenVario-Upgrade.pdf\" target=\"_blank\" rel=\"noopener\" title=\"OpenVario Upgrade PDF\">OpenVario Upgrade PDF<\/a><\/p>\n<p>[\/et_pb_text][\/et_pb_column][\/et_pb_row][et_pb_row column_structure=&#8220;1_2,1_2&#8243; _builder_version=&#8220;4.20.2&#8243; _module_preset=&#8220;default&#8220; global_colors_info=&#8220;{}&#8220;][et_pb_column type=&#8220;1_2&#8243; _builder_version=&#8220;4.20.2&#8243; _module_preset=&#8220;default&#8220; global_colors_info=&#8220;{}&#8220;][et_pb_text _builder_version=&#8220;4.27.4&#8243; _module_preset=&#8220;default&#8220; text_font=&#8220;Abel||||||||&#8220; text_font_size=&#8220;2em&#8220; text_line_height=&#8220;1.2em&#8220; custom_margin=&#8220;0px||||false|false&#8220; custom_padding=&#8220;0px||||false|false&#8220; text_font_size_tablet=&#8220;28px&#8220; text_font_size_phone=&#8220;25px&#8220; text_font_size_last_edited=&#8220;on|desktop&#8220; global_colors_info=&#8220;{}&#8220;]<\/p>\n<p><strong>Anleitungen<\/strong><\/p>\n<p>[\/et_pb_text][et_pb_cta button_url=&#8220;https:\/\/www.stefly.aero\/wp-content\/uploads\/2025\/06\/Map-Airspace-Waypoint-Update-auf-SteFly-NAV-OpenVario_de.pdf&#8220; url_new_window=&#8220;on&#8220; button_text=&#8220;Karten, Luftraum und Wegpunkte Update auf SteFly NAV \/ OpenVario&#8220; _builder_version=&#8220;4.27.4&#8243; _module_preset=&#8220;default&#8220; header_text_color=&#8220;#000000&#8243; background_color=&#8220;#ffd030&#8243; custom_button=&#8220;on&#8220; button_text_size=&#8220;14px&#8220; button_text_color=&#8220;#FFFFFF&#8220; button_bg_color=&#8220;#000000&#8243; button_font=&#8220;&#8211;et_global_heading_font||||||||&#8220; button_icon=&#8220;&#xf1c1;||fa||900&#8243; button_icon_color=&#8220;#ffffff&#8220; button_icon_placement=&#8220;left&#8220; button_on_hover=&#8220;off&#8220; custom_padding=&#8220;5px||5px||false|false&#8220; global_colors_info=&#8220;{}&#8220;][\/et_pb_cta][et_pb_cta button_url=&#8220;https:\/\/www.stefly.aero\/wp-content\/uploads\/2025\/06\/Map-Airspace-Waypoint-Update-on-SteFly-NAV-OpenVario_en.pdf&#8220; url_new_window=&#8220;on&#8220; button_text=&#8220;Map, Airspace, Waypoint Update on SteFly NAV \/ OpenVario&#8220; _builder_version=&#8220;4.27.4&#8243; _module_preset=&#8220;default&#8220; header_text_color=&#8220;#000000&#8243; background_color=&#8220;#ffd030&#8243; custom_button=&#8220;on&#8220; button_text_size=&#8220;14px&#8220; button_text_color=&#8220;#FFFFFF&#8220; button_bg_color=&#8220;#000000&#8243; button_font=&#8220;&#8211;et_global_heading_font||||||||&#8220; button_icon=&#8220;&#xf1c1;||fa||900&#8243; button_icon_color=&#8220;#ffffff&#8220; button_icon_placement=&#8220;left&#8220; button_on_hover=&#8220;off&#8220; custom_padding=&#8220;5px||5px||false|false&#8220; global_colors_info=&#8220;{}&#8220;][\/et_pb_cta][\/et_pb_column][et_pb_column type=&#8220;1_2&#8243; _builder_version=&#8220;4.20.2&#8243; _module_preset=&#8220;default&#8220; global_colors_info=&#8220;{}&#8220;][\/et_pb_column][\/et_pb_row][\/et_pb_section]<\/p>\n","protected":false},"excerpt":{"rendered":"<p>Software des OpenVario SegelflugrechnersMicro-SD-Karte vorbereiten Bevor der OpenVario-Segelflugrechner eingesetzt werden kann muss das Linux Image auf die SD-Karte geladen werden. Dieses Image beinhaltet das Linux Betriebssystem, die Display-Einstellungen und XCSoar. Ohne dies SD-Karte w\u00fcrde das OpenVario nicht hochfahren. Eine einmal bespielte SD-Karte l\u00e4sst sich mit dem im folgenden beschriebenen Vorgang immer wieder neu bespielen. Wir [&hellip;]<\/p>\n","protected":false},"author":1,"featured_media":0,"parent":2525,"menu_order":73,"comment_status":"open","ping_status":"closed","template":"","meta":{"_et_pb_use_builder":"on","_et_pb_old_content":"[vc_row][vc_column width=\"1\/2\"][vc_column_text][lightbox image_link=\"http:\/\/stefly.aero\/wp-content\/uploads\/2014\/09\/DSC01013.jpg\"][\/vc_column_text][\/vc_column][vc_column width=\"1\/2\"][vc_column_text][h3_heading]Preparing the micro SD card[\/h3_heading]\r\n\r\nBefore you can use the OpenVario glide computer, you need to flash the Linux image to the micro SD card. This image includes the Linux operating system, display settings and XCSoar. The OpenVario will not boot without this SD card.\r\n\r\n<strong>How to flash the image to the SD card?<\/strong>\r\n<ol>\r\n \t<li>Download the tool <a href=\"https:\/\/www.balena.io\/etcher\/\">balenaEtcher here<\/a>.<\/li>\r\n \t<li>Download the latest OpenVario image from <a href=\"https:\/\/github.com\/Openvario\/meta-openvario\/releases\/\">this page<\/a>. [detailed description below]<\/li>\r\n \t<li>Start the tool balena Etcher.<\/li>\r\n \t<li>Select \"Flash from file\" and select the downloaded OpenVario image file. There is no need to manually unzip the file. Etcher will do this for you.<\/li>\r\n \t<li>Select the correct SD card. Be careful to select the correct one, the files will be deleted on the SD card!<\/li>\r\n \t<li>Hit \"Flash!\" and wait a moment to flash the image.<\/li>\r\n \t<li>Now you can install the SD card in your OpenVario and start the device.<\/li>\r\n<\/ol>\r\n<img src=\"https:\/\/www.stefly.aero\/wp-content\/uploads\/2021\/01\/balenaEtcher.jpg\" \/>\r\n\r\n<strong>Which OpenVario image should you download?<\/strong>\r\n\r\nYou will find two important information in the file name of the downlaod link. The display type:\r\n<ul>\r\n \t<li>For the 5.7\" OpenVario by SteFly, please use the image with \"...-openvario-57-lvds.rootfs.img.gz\" file name.<\/li>\r\n \t<li>For the 7\" OpenVario by SteFly, please use the image with \"...-openvario-7-CH070.rootfs.img.gz\" file name.<\/li>\r\n<\/ul>\r\nThe XCSoar version:\r\n<ul>\r\n \t<li>Last official release<\/li>\r\n \t<li>Testing image (...testing... in file name)<\/li>\r\n<\/ul>\r\nOur experience is that you can use the latest XCSoar testing image without any bigger problems.\r\n\r\nLatest image for 5.7\" OpenVario:\r\n<ul>\r\n \t<li><a href=\"https:\/\/github.com\/Openvario\/meta-openvario\/releases\/download\/20193\/OpenVario-linux-openvario-image-glibc-ipk-20193-openvario-57-lvds.rootfs.img.gz\">Official XCSoar version<\/a><\/li>\r\n \t<li><a href=\"https:\/\/github.com\/Openvario\/meta-openvario\/releases\/download\/20193\/OpenVario-linux-openvario-image-testing-glibc-ipk-20193-openvario-57-lvds.rootfs.img.gz\">Testing XCSoar version<\/a><\/li>\r\n<\/ul>\r\nLatest image for 7\" OpenVario:\r\n<ul>\r\n \t<li><a href=\"https:\/\/github.com\/Openvario\/meta-openvario\/releases\/download\/20193\/OpenVario-linux-openvario-image-glibc-ipk-20193-openvario-7-CH070.rootfs.img.gz\">Official XCSoar version<\/a><\/li>\r\n \t<li><a href=\"https:\/\/github.com\/Openvario\/meta-openvario\/releases\/download\/20193\/OpenVario-linux-openvario-image-testing-glibc-ipk-20193-openvario-7-CH070.rootfs.img.gz\">Testing XCSoar version<\/a><\/li>\r\n<\/ul>\r\n[\/vc_column_text][\/vc_column][\/vc_row][vc_row][vc_column width=\"1\/2\"][vc_column_text][h3_heading]Software overview[\/h3_heading]\r\n\r\nAfter powering on the device, the display should get bright after a few seconds and the OpenVario boots up. XCSoar starts automatically.\r\n\r\nBut after a short test of XCSoar you can make some further adjustments in the software. Therefor power the device off and restart it. The OV-Menu can be accessed by pressing the \u201cESC\u201d-key during boot, while the progress-bar is visible.\r\n\r\nFor a detailed overview of the OpenVario menu, have a look at the video (click on picture) or follow this link: <a href=\"http:\/\/www.openvario.org\/doku.php?id=projects:series_00:software:ov-menu\">OV-Menu<\/a>\r\n\r\nWhat you should setup:\r\n<ul>\r\n \t<li>Display rotation<\/li>\r\n \t<li>Language (only English or Germany available)<\/li>\r\n \t<li>Calibrating pressure sensors<\/li>\r\n<\/ul>\r\nThan you should upload some files with USB stick:\r\n<ul>\r\n \t<li>Maps<\/li>\r\n \t<li>Waypoints<\/li>\r\n \t<li>Airspace<\/li>\r\n<\/ul>\r\nThe USB-stick for the OpenVario must be formatted as <strong>FAT32<\/strong>. The stick requires a certain directory tree structure to be operational. Have a look at this page: <a href=\"http:\/\/www.openvario.org\/doku.php?id=projects:series_00:software:usb-stick\">OpenVario USB-Stick<\/a>[\/vc_column_text][\/vc_column][vc_column width=\"1\/2\"][vc_column_text][lightbox image_link=\"http:\/\/stefly.aero\/wp-content\/uploads\/2014\/07\/OpenVario_Software_walkthrough.jpg\" video=\"https:\/\/www.youtube.com\/watch?v=qppuKiylH_Y&amp;t=2s\"][\/vc_column_text][\/vc_column][\/vc_row]","_et_gb_content_width":"","_exactmetrics_skip_tracking":false,"_exactmetrics_sitenote_active":false,"_exactmetrics_sitenote_note":"","_exactmetrics_sitenote_category":0,"footnotes":""},"class_list":["post-594","page","type-page","status-publish","hentry"],"_links":{"self":[{"href":"https:\/\/www.stefly.aero\/en\/wp-json\/wp\/v2\/pages\/594","targetHints":{"allow":["GET"]}}],"collection":[{"href":"https:\/\/www.stefly.aero\/en\/wp-json\/wp\/v2\/pages"}],"about":[{"href":"https:\/\/www.stefly.aero\/en\/wp-json\/wp\/v2\/types\/page"}],"author":[{"embeddable":true,"href":"https:\/\/www.stefly.aero\/en\/wp-json\/wp\/v2\/users\/1"}],"replies":[{"embeddable":true,"href":"https:\/\/www.stefly.aero\/en\/wp-json\/wp\/v2\/comments?post=594"}],"version-history":[{"count":0,"href":"https:\/\/www.stefly.aero\/en\/wp-json\/wp\/v2\/pages\/594\/revisions"}],"up":[{"embeddable":true,"href":"https:\/\/www.stefly.aero\/en\/wp-json\/wp\/v2\/pages\/2525"}],"wp:attachment":[{"href":"https:\/\/www.stefly.aero\/en\/wp-json\/wp\/v2\/media?parent=594"}],"curies":[{"name":"wp","href":"https:\/\/api.w.org\/{rel}","templated":true}]}}