{"id":2644,"date":"2017-10-15T11:25:14","date_gmt":"2017-10-15T09:25:14","guid":{"rendered":"http:\/\/www.stefly.aero\/payment-methods\/"},"modified":"2022-08-09T07:24:47","modified_gmt":"2022-08-09T05:24:47","slug":"zahlungsmethoden","status":"publish","type":"page","link":"https:\/\/www.stefly.aero\/en\/zahlungsmethoden\/","title":{"rendered":"Payment Methods"},"content":{"rendered":"<p>[et_pb_section fb_built=&#8220;1&#8243; admin_label=&#8220;section&#8220; _builder_version=&#8220;4.16&#8243; custom_padding=&#8220;14px|||||&#8220; global_colors_info=&#8220;{}&#8220;][et_pb_row admin_label=&#8220;row&#8220; _builder_version=&#8220;4.16&#8243; background_size=&#8220;initial&#8220; background_position=&#8220;top_left&#8220; background_repeat=&#8220;repeat&#8220; global_colors_info=&#8220;{}&#8220;][et_pb_column type=&#8220;4_4&#8243; _builder_version=&#8220;4.16&#8243; custom_padding=&#8220;|||&#8220; global_colors_info=&#8220;{}&#8220; custom_padding__hover=&#8220;|||&#8220;][et_pb_text admin_label=&#8220;Text&#8220; _builder_version=&#8220;4.17.6&#8243; background_size=&#8220;initial&#8220; background_position=&#8220;top_left&#8220; background_repeat=&#8220;repeat&#8220; hover_enabled=&#8220;0&#8243; global_colors_info=&#8220;{}&#8220; sticky_enabled=&#8220;0&#8243;]<\/p>\n<h2>Zahlung:<\/h2>\n<p style=\"font-weight: 400;\">Wir bieten folgende Zahlungsarten in unserem Online Shop an:<\/p>\n<ul style=\"font-weight: 400;\">\n<li>Direkte Bank\u00fcberweisung<\/li>\n<li>PayPal<\/li>\n<\/ul>\n<ul><\/ul>\n<p><strong>Direkte Bank\u00fcberweisung:<br \/><\/strong><span style=\"font-size: 15px;\">Bei Bezahlung per Vorauskasse wird in der Bestellbest\u00e4tigung unsere Bankverbindung mitgeteilt. Sobald der f\u00e4llige Betrag bei uns eingegangen ist, wird die Ware versendet.<\/span><\/p>\n<div>\n<p><span>Damit die Zahlungen immer einwandfrei den richtigen Bestellungen zugeordnet werden k\u00f6nnen, bitte f\u00fcr jeden Auftrag separat \u00fcberweisen und dabei auf die vollst\u00e4ndige Angabe der<span class=\"apple-converted-space\">\u00a0<\/span><strong>Bestellnummer<\/strong><span class=\"apple-converted-space\"><b>\u00a0<\/b><\/span>achten. Diese ist in der\u00a0Bestellbest\u00e4tigung aufgef\u00fchrt.<o:p><\/o:p><\/span><\/p>\n<p><strong>PayPal:<br \/><\/strong><span style=\"font-size: 15px;\">PayPal ist ein Online-Zahlungsservice, mit dem in Online-Shops sicher, einfach und schnell bezahlt werden kann.<\/span><\/p>\n<div>\n<p><span>Ein PayPal-Konto kann unter<span class=\"apple-converted-space\">\u00a0<\/span><a href=\"http:\/\/www.paypal.de\/\">www.paypal.de<\/a>\u00a0erstellt werden. Falls Sie kein PayPal-Konto besitzen, k\u00f6nnen Sie, mithilfe der Funktion &#8222;<\/span>Zahlungen ohne PayPal-Konto&#8220; und der Angabe Ihrer Kreditkarte, PayPal trotzdem nutzen.<\/p>\n<\/div>\n<\/div>\n<p>&nbsp;<\/p>\n<p>[\/et_pb_text][\/et_pb_column][\/et_pb_row][\/et_pb_section]<\/p>\n","protected":false},"excerpt":{"rendered":"<p>Zahlung: Wir bieten folgende Zahlungsarten in unserem Online Shop an: Direkte Bank\u00fcberweisung PayPal Direkte Bank\u00fcberweisung:Bei Bezahlung per Vorauskasse wird in der Bestellbest\u00e4tigung unsere Bankverbindung mitgeteilt. Sobald der f\u00e4llige Betrag bei uns eingegangen ist, wird die Ware versendet. Damit die Zahlungen immer einwandfrei den richtigen Bestellungen zugeordnet werden k\u00f6nnen, bitte f\u00fcr jeden Auftrag separat \u00fcberweisen und [&hellip;]<\/p>\n","protected":false},"author":1,"featured_media":0,"parent":0,"menu_order":0,"comment_status":"closed","ping_status":"closed","template":"","meta":{"_et_pb_use_builder":"on","_et_pb_old_content":"[payment_methods_info]","_et_gb_content_width":"","_exactmetrics_skip_tracking":false,"_exactmetrics_sitenote_active":false,"_exactmetrics_sitenote_note":"","_exactmetrics_sitenote_category":0,"footnotes":""},"class_list":["post-2644","page","type-page","status-publish","hentry"],"_links":{"self":[{"href":"https:\/\/www.stefly.aero\/en\/wp-json\/wp\/v2\/pages\/2644","targetHints":{"allow":["GET"]}}],"collection":[{"href":"https:\/\/www.stefly.aero\/en\/wp-json\/wp\/v2\/pages"}],"about":[{"href":"https:\/\/www.stefly.aero\/en\/wp-json\/wp\/v2\/types\/page"}],"author":[{"embeddable":true,"href":"https:\/\/www.stefly.aero\/en\/wp-json\/wp\/v2\/users\/1"}],"replies":[{"embeddable":true,"href":"https:\/\/www.stefly.aero\/en\/wp-json\/wp\/v2\/comments?post=2644"}],"version-history":[{"count":0,"href":"https:\/\/www.stefly.aero\/en\/wp-json\/wp\/v2\/pages\/2644\/revisions"}],"wp:attachment":[{"href":"https:\/\/www.stefly.aero\/en\/wp-json\/wp\/v2\/media?parent=2644"}],"curies":[{"name":"wp","href":"https:\/\/api.w.org\/{rel}","templated":true}]}}