{"id":2643,"date":"2017-10-15T11:25:13","date_gmt":"2017-10-15T09:25:13","guid":{"rendered":"http:\/\/www.stefly.aero\/shipping-methods\/"},"modified":"2026-01-22T21:03:06","modified_gmt":"2026-01-22T20:03:06","slug":"versand","status":"publish","type":"page","link":"https:\/\/www.stefly.aero\/en\/versand\/","title":{"rendered":"Shipping"},"content":{"rendered":"<p>[et_pb_section fb_built=&#8220;1&#8243; _builder_version=&#8220;4.17.6&#8243; _module_preset=&#8220;default&#8220; global_colors_info=&#8220;{}&#8220;][et_pb_row _builder_version=&#8220;4.17.6&#8243; _module_preset=&#8220;default&#8220; global_colors_info=&#8220;{}&#8220;][et_pb_column type=&#8220;4_4&#8243; _builder_version=&#8220;4.17.6&#8243; _module_preset=&#8220;default&#8220; global_colors_info=&#8220;{}&#8220;][et_pb_text _builder_version=&#8220;4.27.5&#8243; _module_preset=&#8220;default&#8220; hover_enabled=&#8220;0&#8243; global_colors_info=&#8220;{}&#8220; sticky_enabled=&#8220;0&#8243;]<\/p>\n<p><span style=\"font-size: x-large;\"><strong>Versand<\/strong><\/span><\/p>\n<p>Wir versenden unsere Artikel per DHL oder UPS. Der Versand dauert bei einer Lieferung innerhalb Deutschlands 1-5 Werktage nach Vertragsschluss\u00a0(bei vereinbarter Vorauszahlung nach dem Zeitpunkt Ihrer Zahlungsanweisung). Bestellen Sie gleichzeitig\u00a0mehrere Artikel mit unterschiedlichen Lieferzeiten, so richtet sich die Lieferzeit nach dem Artikel mit der l\u00e4ngsten Lieferzeit. Bitte beachten Sie deshalb die artikelspezifischen Angaben im Onlineshop.<\/p>\n<p>Bitte beachten Sie zudem, dass es sich hierbei nur um eine Richtlinie handelt und der Versand durch \u00e4u\u00dfere Umst\u00e4nde jederzeit beeinflusst werden kann. Samstags, Sonntags und Feiertags erfolgt bei uns grunds\u00e4tzlich kein Versand.<\/p>\n<p><strong><span style=\"font-size: x-large;\">Versandkosten und Paket-Laufzeitorientierung<\/span><br \/><\/strong><em>\u201ePaket-Laufzeitorientierung (DHL)\u201c bezeichnet dabei die Zeitspanne zwischen \u00dcbergabe des Pakets an DHL und Zustellung<\/em><\/p>\n<p><span style=\"font-size: large;\"><strong>Deutschland<\/strong><\/span><\/p>\n<p>Der Standardversand f\u00fcr Lieferungen innerhalb\u00a0<strong>Deutschlands<\/strong>\u00a0kostet unabh\u00e4ngig von Gewicht und Gr\u00f6\u00dfe des Pakets <b>6,50<\/b><strong>\u00a0\u20ac (inkl. MwSt.)<\/strong>. Paket-Laufzeitorientierung (DHL): 1-2 Werktage<\/p>\n<p>Eine verringerte Versandkostenpauschale von <strong>4,50 \u20ac<\/strong>\u00a0<strong>(ink. MwSt.)<\/strong> gilt, wenn ausschlie\u00dflich Produkte bestellt werden, die aufgrund kleiner Abmessungen und eines geringen Gewichts mit &#8222;DHL Warenpost&#8220; verschickt werden k\u00f6nnen. Falls zutreffend wird Ihnen dies im Warenkorb angezeigt. Laufzeitorientierung (DHL): 1-2 Werktage<\/p>\n<p><span style=\"font-size: large;\"><strong>EU-Ausland exkl. Schweden und Finnland<\/strong><\/span><\/p>\n<p>Sendungen ins\u00a0<strong>EU-Ausland<\/strong>\u00a0kosten pauschal\u00a0<strong>16,60 \u20ac (zzgl. VAT, die resultierenden Kosten werden bei Eingabe des Lieferlandes w\u00e4hrend des Bestellprozesses angezeigt)<\/strong>. Versanddauer 3-10 Werktage (Paket-Laufzeitorientierung (DHL): 2-5 Werktage). Eine verringerte Versandkostenpauschale von <strong>10,00 \u20ac<\/strong> gilt, wenn ausschlie\u00dflich Produkte bestellt werden, die aufgrund kleiner Abmessungen und eines geringen Gewichts mit &#8222;DHL Warenpost International Premium&#8220; verschickt werden k\u00f6nnen. Falls zutreffend wird Ihnen dies im Warenkorb angezeigt.<\/p>\n<p><span style=\"font-size: large;\"><strong>Schweden \/ Finnland mit Haust\u00fcrzustellung<\/strong><\/span><\/p>\n<p>Sendungen\u00a0kosten pauschal\u00a0<strong>20,00 \u20ac (zzgl. VAT, die resultierenden Kosten werden bei Eingabe des Lieferlandes w\u00e4hrend des Bestellprozesses angezeigt)<\/strong>. Versanddauer 3-10 Werktage (Paket-Laufzeitorientierung (DHL): 2-5 Werktage). Eine verringerte Versandkostenpauschale von <strong>11,00 \u20ac<\/strong> gilt, wenn ausschlie\u00dflich Produkte bestellt werden, die aufgrund kleiner Abmessungen und eines geringen Gewichts mit &#8222;DHL Warenpost International Premium&#8220; verschickt werden k\u00f6nnen. Falls zutreffend wird Ihnen dies im Warenkorb angezeigt.<\/p>\n<p><span style=\"font-size: large;\"><strong>Nicht-EU-Ausland<\/strong><\/span><\/p>\n<p><span>Bei Lieferung in das Nicht-EU-Ausland fallen eventuell Z\u00f6lle, Steuern oder Geb\u00fchren an, die von Ihnen an die f\u00fcr Sie zust\u00e4ndigen Zoll- bzw. Steuerbeh\u00f6rden zu zahlen sind.<\/span><\/p>\n<p><strong>Schweiz<\/strong>\u00a0\/\u00a0<strong>Gro\u00dfbritannien:<\/strong>\u00a0Versandkostenpauschale von\u00a0<strong>26,90 \u20ac,<\/strong>\u00a0Versanddauer 2-9 Werktage (Paket-Laufzeitorientierung (DHL): 4 Werktage); Verringerte Versandkostenpauschale von <strong>11,00 \u20ac<\/strong> f\u00fcr den ausschlie\u00dflichen Versand von Produkten, die aufgrund kleiner Abmessungen und eines geringen Gewichts mit &#8222;DHL Warenpost International Premium&#8220; verschickt werden k\u00f6nnen. Falls zutreffend wird Ihnen dies im Warenkorb angezeigt.<br \/><strong>Norwegen:\u00a0<\/strong>Versandkostenpauschale von<strong>\u00a024,90 \u20ac<\/strong>, Versanddauer 8-13 Werktage (Paket-Laufzeitorientierung (DHL): 7-8 Werktage); Verringerte Versandkostenpauschale von <strong>10,50 \u20ac<\/strong> f\u00fcr den ausschlie\u00dflichen Versand von Produkten, die aufgrund kleiner Abmessungen und eines geringen Gewichts mit &#8222;DHL Warenpost International Premium&#8220; verschickt werden k\u00f6nnen. Falls zutreffend wird Ihnen dies im Warenkorb angezeigt.<strong><br \/>Australien:\u00a0<\/strong>Versandkostenpauschale von<strong>\u00a055,90 \u20ac\u00a0<\/strong>(Versand mit DHL International premium oder UPS Express), Versanddauer 8-15 Werktage (Paket-Laufzeitorientierung (DHL): 7-9 Werktage); Verringerte Versandkostenpauschale von <strong>13,00 \u20ac<\/strong> f\u00fcr den ausschlie\u00dflichen Versand von Produkten, die aufgrund kleiner Abmessungen und eines geringen Gewichts mit &#8222;DHL Warenpost International Premium&#8220; verschickt werden k\u00f6nnen. Falls zutreffend wird Ihnen dies im Warenkorb angezeigt.<br \/><strong>Neuseeland:\u00a0<\/strong>Versandkostenpauschale von<strong>\u00a062,00 \u20ac\u00a0<\/strong>(Versand mit DHL International premium oder UPS Express), Versanddauer 9-30 Werktage (Paket-Laufzeitorientierung (DHL): 8-25 Werktage); Verringerte Versandkostenpauschale von <strong>13,00 \u20ac<\/strong> f\u00fcr den ausschlie\u00dflichen Versand von Produkten, die aufgrund kleiner Abmessungen und eines geringen Gewichts mit &#8222;DHL Warenpost International Premium&#8220; verschickt werden k\u00f6nnen. Falls zutreffend wird Ihnen dies im Warenkorb angezeigt.<\/p>\n<p>&nbsp;<\/p>\n<p>[\/et_pb_text][\/et_pb_column][\/et_pb_row][\/et_pb_section]<\/p>\n","protected":false},"excerpt":{"rendered":"<p>Versand Wir versenden unsere Artikel per DHL oder UPS. Der Versand dauert bei einer Lieferung innerhalb Deutschlands 1-5 Werktage nach Vertragsschluss\u00a0(bei vereinbarter Vorauszahlung nach dem Zeitpunkt Ihrer Zahlungsanweisung). Bestellen Sie gleichzeitig\u00a0mehrere Artikel mit unterschiedlichen Lieferzeiten, so richtet sich die Lieferzeit nach dem Artikel mit der l\u00e4ngsten Lieferzeit. Bitte beachten Sie deshalb die artikelspezifischen Angaben im [&hellip;]<\/p>\n","protected":false},"author":1,"featured_media":0,"parent":0,"menu_order":0,"comment_status":"closed","ping_status":"closed","template":"","meta":{"_et_pb_use_builder":"on","_et_pb_old_content":"<div>\n<h2>Versand<\/h2>\nWir versenden unsere Artikel per DHL. Der Versand erfolgt erst nach Zahlungseingang und dauert in der Regel 1-5 Werktage (ins Ausland deutlich l\u00e4nger). Bitte beachten Sie, dass es sich hierbei nur um eine Richtlinie handelt und der Versand durch \u00e4u\u00dfere Umst\u00e4nde jederzeit beeinflusst werden kann. Samstags, Sonntags und Feiertags erfolgt bei uns grunds\u00e4tzlich kein Versand.\n<h2>Versandkosten<\/h2>\nDer Standart Versand f\u00fcr Lieferungen innerhalb <strong>Deutschlands<\/strong> kostet unabh\u00e4ngig von Gewicht und Gr\u00f6\u00dfe des Pakets <strong>5,80\u20ac<\/strong>. Sendungen ins angrenzende <strong>EU-Ausland<\/strong> kosten <strong>16,60\u20ac<\/strong>.\n\n<\/div>","_et_gb_content_width":"","_exactmetrics_skip_tracking":false,"_exactmetrics_sitenote_active":false,"_exactmetrics_sitenote_note":"","_exactmetrics_sitenote_category":0,"footnotes":""},"class_list":["post-2643","page","type-page","status-publish","hentry"],"_links":{"self":[{"href":"https:\/\/www.stefly.aero\/en\/wp-json\/wp\/v2\/pages\/2643","targetHints":{"allow":["GET"]}}],"collection":[{"href":"https:\/\/www.stefly.aero\/en\/wp-json\/wp\/v2\/pages"}],"about":[{"href":"https:\/\/www.stefly.aero\/en\/wp-json\/wp\/v2\/types\/page"}],"author":[{"embeddable":true,"href":"https:\/\/www.stefly.aero\/en\/wp-json\/wp\/v2\/users\/1"}],"replies":[{"embeddable":true,"href":"https:\/\/www.stefly.aero\/en\/wp-json\/wp\/v2\/comments?post=2643"}],"version-history":[{"count":0,"href":"https:\/\/www.stefly.aero\/en\/wp-json\/wp\/v2\/pages\/2643\/revisions"}],"wp:attachment":[{"href":"https:\/\/www.stefly.aero\/en\/wp-json\/wp\/v2\/media?parent=2643"}],"curies":[{"name":"wp","href":"https:\/\/api.w.org\/{rel}","templated":true}]}}