{"id":1637,"date":"2014-09-02T13:16:49","date_gmt":"2014-09-02T13:16:49","guid":{"rendered":"http:\/\/104.131.255.213\/specular\/default\/?page_id=1637"},"modified":"2023-11-22T08:56:38","modified_gmt":"2023-11-22T07:56:38","slug":"impressum","status":"publish","type":"page","link":"https:\/\/www.stefly.aero\/en\/impressum\/","title":{"rendered":"Imprint"},"content":{"rendered":"<p>[et_pb_section fb_built=&#8220;1&#8243; admin_label=&#8220;section&#8220; _builder_version=&#8220;4.16&#8243; global_colors_info=&#8220;{}&#8220;][et_pb_row admin_label=&#8220;row&#8220; _builder_version=&#8220;4.16&#8243; background_size=&#8220;initial&#8220; background_position=&#8220;top_left&#8220; background_repeat=&#8220;repeat&#8220; global_colors_info=&#8220;{}&#8220;][et_pb_column type=&#8220;4_4&#8243; _builder_version=&#8220;4.16&#8243; custom_padding=&#8220;|||&#8220; global_colors_info=&#8220;{}&#8220; custom_padding__hover=&#8220;|||&#8220;][et_pb_text admin_label=&#8220;Text&#8220; _builder_version=&#8220;4.23.1&#8243; background_size=&#8220;initial&#8220; background_position=&#8220;top_left&#8220; background_repeat=&#8220;repeat&#8220; hover_enabled=&#8220;0&#8243; global_colors_info=&#8220;{}&#8220; sticky_enabled=&#8220;0&#8243;]<\/p>\n<h1 style=\"font-weight: 400;\"><strong>Impressum<\/strong><\/h1>\n<p style=\"font-weight: 400;\"><strong>CoTexx GmbH<\/strong><br \/>Johannesstr. 27<br \/>86565 Gachenbach<br \/>Deutschland<\/p>\n<p style=\"font-weight: 400;\"><strong>SteFly<\/strong> ist eine europ\u00e4ische Marke der CoTexx GmbH<\/p>\n<p style=\"font-weight: 400;\">E-Mail: info@stefly.aero<br \/>Tel.Nr.: +49 (0)8259 828781<\/p>\n<p style=\"font-weight: 400;\">Gesch\u00e4ftsf\u00fchrer: Sebastian Langer<span>, M.Sc.<\/span>, Stefan Langer, B.Eng.<br \/>Registergericht: AG Ingolstadt<br \/>Registernummer: HRB 101843<\/p>\n<p style=\"font-weight: 400;\">Umsatzsteuer-Identifikationsnummer gem\u00e4\u00df \u00a7 27a Umsatzsteuergesetz: DE813633885<\/p>\n<p style=\"font-weight: 400;\">Finanzamt Ingolstadt, Steuernummer: 124\/123\/70315<\/p>\n<p style=\"font-weight: 400;\">Der Gr\u00fcne Punkt &#8211; Duales System Deutschland GmbH<br \/>Registrierungsnummer: 5555652<\/p>\n<p>GS1 Germany GmbH &#8211; EAN-Lizenz<br \/>ILN: 42 6016381 000 7<\/p>\n<p style=\"font-weight: 400;\">Plattform der EU-Kommission zur Online-Streitbeilegung: https:\/\/ec.europa.eu\/consumers\/odr<\/p>\n<p style=\"font-weight: 400;\">Wir sind zur Teilnahme an einem Streitbeilegungsverfahren vor einer Verbraucherschlichtungsstelle nicht verpflichtet, hierzu jedoch grunds\u00e4tzlich bereit.<\/p>\n<p style=\"font-weight: 400;\"><strong>Verantwortlich gem\u00e4\u00df \u00a7 18 MStV:<\/strong><br \/>Stefan Langer, Johannesstr. 27, 86565 Gachenbach<\/p>\n<p style=\"font-weight: 400;\"><strong>Dieses Impressum gilt auch f\u00fcr folgende Social Media Profile:<\/strong><\/p>\n<p style=\"font-weight: 400;\"><a href=\"https:\/\/de-de.facebook.com\/stefly.aero\/\">https:\/\/de-de.facebook.com\/stefly.aero\/<\/a><\/p>\n<p style=\"font-weight: 400;\"><a href=\"https:\/\/www.instagram.com\/stefly.aero\/?hl=de\">https:\/\/www.instagram.com\/stefly.aero\/<\/a><\/p>\n<p>[\/et_pb_text][\/et_pb_column][\/et_pb_row][\/et_pb_section]<\/p>\n","protected":false},"excerpt":{"rendered":"<p>Impressum CoTexx GmbHJohannesstr. 2786565 GachenbachDeutschland SteFly ist eine europ\u00e4ische Marke der CoTexx GmbH E-Mail: info@stefly.aeroTel.Nr.: +49 (0)8259 828781 Gesch\u00e4ftsf\u00fchrer: Sebastian Langer, M.Sc., Stefan Langer, B.Eng.Registergericht: AG IngolstadtRegisternummer: HRB 101843 Umsatzsteuer-Identifikationsnummer gem\u00e4\u00df \u00a7 27a Umsatzsteuergesetz: DE813633885 Finanzamt Ingolstadt, Steuernummer: 124\/123\/70315 Der Gr\u00fcne Punkt &#8211; Duales System Deutschland GmbHRegistrierungsnummer: 5555652 GS1 Germany GmbH &#8211; EAN-LizenzILN: 42 6016381 [&hellip;]<\/p>\n","protected":false},"author":1,"featured_media":0,"parent":0,"menu_order":12,"comment_status":"open","ping_status":"open","template":"","meta":{"_et_pb_use_builder":"on","_et_pb_old_content":"<strong>CoTexx GmbH<\/strong>\nJohannesstr. 27\n86565 Gachenbach\nDeutschland\n\nE-Mail: stefan.langer@cotexx.de\nTel.Nr.: +49 (0)8259\/8287-81\n\nGesch\u00e4ftsf\u00fchrer: Sebastian Langer, Stefan Langer\nRegistergericht: AG Ingolstadt\nRegisternummer: HRB 101843\n\nUmsatzsteuer-Identifikationsnummer gem\u00e4\u00df \u00a7 27a Umsatzsteuergesetz: DE813633885\n\nFinanzamt Ingolstadt, Steuernummer: 124\/123\/70315\n\nPlattform der EU-Kommission zur Online-Streitbeilegung: https:\/\/ec.europa.eu\/consumers\/odr\n\nWir sind zur Teilnahme an einem Streitbeilegungsverfahren vor einer Verbraucherschlichtungsstelle nicht verpflichtet, hierzu jedoch grunds\u00e4tzlich bereit.\n\nVerantwortliche\/r i.S.d. \u00a7 55 Abs. 2 RStV:\nStefan Langer, Johannesstr. 27, 86565 Gachenbach","_et_gb_content_width":"","_exactmetrics_skip_tracking":false,"_exactmetrics_sitenote_active":false,"_exactmetrics_sitenote_note":"","_exactmetrics_sitenote_category":0,"footnotes":""},"class_list":["post-1637","page","type-page","status-publish","hentry"],"_links":{"self":[{"href":"https:\/\/www.stefly.aero\/en\/wp-json\/wp\/v2\/pages\/1637","targetHints":{"allow":["GET"]}}],"collection":[{"href":"https:\/\/www.stefly.aero\/en\/wp-json\/wp\/v2\/pages"}],"about":[{"href":"https:\/\/www.stefly.aero\/en\/wp-json\/wp\/v2\/types\/page"}],"author":[{"embeddable":true,"href":"https:\/\/www.stefly.aero\/en\/wp-json\/wp\/v2\/users\/1"}],"replies":[{"embeddable":true,"href":"https:\/\/www.stefly.aero\/en\/wp-json\/wp\/v2\/comments?post=1637"}],"version-history":[{"count":0,"href":"https:\/\/www.stefly.aero\/en\/wp-json\/wp\/v2\/pages\/1637\/revisions"}],"wp:attachment":[{"href":"https:\/\/www.stefly.aero\/en\/wp-json\/wp\/v2\/media?parent=1637"}],"curies":[{"name":"wp","href":"https:\/\/api.w.org\/{rel}","templated":true}]}}